{"id":107,"date":"2020-09-01T15:46:50","date_gmt":"2020-09-01T13:46:50","guid":{"rendered":"http:\/\/vlzimdz.cluster023.hosting.ovh.net\/?page_id=107"},"modified":"2025-07-06T23:30:59","modified_gmt":"2025-07-06T21:30:59","slug":"fce-belgique","status":"publish","type":"page","link":"https:\/\/fce-vvb.be\/index.php\/fce-belgique\/","title":{"rendered":"Qui sommes-nous ?"},"content":{"rendered":"<p><div class=\"fusion-fullwidth fullwidth-box fusion-builder-row-1 nonhundred-percent-fullwidth non-hundred-percent-height-scrolling\" style=\"--awb-border-radius-top-left:0px;--awb-border-radius-top-right:0px;--awb-border-radius-bottom-right:0px;--awb-border-radius-bottom-left:0px;--awb-flex-wrap:wrap;\" ><div class=\"fusion-builder-row fusion-row\"><div class=\"fusion-layout-column fusion_builder_column fusion-builder-column-0 fusion_builder_column_1_1 1_1 fusion-one-full fusion-column-first fusion-column-last\" style=\"--awb-bg-size:cover;--awb-margin-top:25px;--awb-margin-bottom:25px;\"><div class=\"fusion-column-wrapper fusion-column-has-shadow fusion-flex-column-wrapper-legacy\"><div class=\"fusion-text fusion-text-1\" style=\"--awb-font-size:30px;--awb-letter-spacing:2px;--awb-text-color:#000000;--awb-text-font-family:&quot;Roboto&quot;;--awb-text-font-style:normal;--awb-text-font-weight:300;\"><p style=\"text-align: center;\">FCE FAVORISE L\u2019ENTREPRENEURIAT F\u00c9MININ DE L\u2019EXCELLENCE DANS UN ENVIRONNEMENT \u00c9CONOMIQUE MOUVANT<\/p>\n<\/div><div class=\"accordian fusion-accordian\" style=\"--awb-border-size:1px;--awb-icon-size:16px;--awb-content-font-size:15px;--awb-icon-alignment:left;--awb-hover-color:#f9f9fb;--awb-border-color:#e2e2e2;--awb-background-color:#ffffff;--awb-divider-color:#9f031d;--awb-divider-hover-color:#9f031d;--awb-icon-color:#ffffff;--awb-title-color:#9a9a9a;--awb-content-color:#7a7a7a;--awb-icon-box-color:#ffffff;--awb-toggle-hover-accent-color:#9f031d;--awb-title-font-family:&quot;Roboto&quot;;--awb-title-font-weight:700;--awb-title-font-style:normal;--awb-title-letter-spacing:0px;--awb-title-line-height:1.43;--awb-content-font-family:&quot;Montserrat&quot;;--awb-content-font-style:normal;--awb-content-font-weight:400;\"><div class=\"panel-group fusion-toggle-icon-boxed\" id=\"accordion-107-1\"><div class=\"fusion-panel panel-default panel-3face5d87a16e2bd5 fusion-toggle-no-divider\"><div class=\"panel-heading\"><h4 class=\"panel-title toggle\" id=\"toggle_3face5d87a16e2bd5\"><a aria-expanded=\"false\" aria-controls=\"3face5d87a16e2bd5\" role=\"button\" data-toggle=\"collapse\" data-parent=\"#accordion-107-1\" data-target=\"#3face5d87a16e2bd5\" href=\"#3face5d87a16e2bd5\"><span class=\"fusion-toggle-icon-wrapper\" aria-hidden=\"true\"><i class=\"fa-fusion-box active-icon awb-icon-minus\" aria-hidden=\"true\"><\/i><i class=\"fa-fusion-box inactive-icon awb-icon-plus\" aria-hidden=\"true\"><\/i><\/span><span class=\"fusion-toggle-heading\">Qui sommes-nous ?<\/span><\/a><\/h4><\/div><div id=\"3face5d87a16e2bd5\" class=\"panel-collapse collapse \" aria-labelledby=\"toggle_3face5d87a16e2bd5\"><div class=\"panel-body toggle-content fusion-clearfix\">\n<p>L\u2019<strong>Association des Femmes Chefs d\u2019Entreprises<\/strong> (<strong>FCE<\/strong>) est une association sans but\u00a0 lucratif, non gouvernementale, apolitique et non religieuse dont les activit\u00e9s au niveau national et international sont destin\u00e9es \u00e0 promouvoir les entreprises dirig\u00e9es par des femmes.\u00a0FCE s\u2019appuie sur un conseil d\u2019administration dynamique ainsi que sur des diff\u00e9rentes commissions de travail. Nous participons au d\u00e9bat \u00e9conomique, politique et social de notre soci\u00e9t\u00e9 tout en veillant \u00e0 conserver le droit des femmes.\u00a0Devenir membre de l\u2019association permet de briser l\u2019isolement de la dirigeante et de renforcer le d\u00e9veloppement de son entreprise.<\/p>\n<p><em>Notre mission s\u2019articule sur :<\/em><\/p>\n<ul>\n<li>Le <strong>networking<\/strong> : mettre en relation les femmes chefs d\u2019entreprises \u00e0 travers des activit\u00e9s r\u00e9gionales et nationales rassemblant les membres mais aussi les invit\u00e9s responsables politiques et d\u2019associations partenaires<\/li>\n<li>La <strong>mise en relation<\/strong> de nos membres au niveau national et international<\/li>\n<li>Le <strong>lobbying<\/strong> : pr\u00e9sence active au sein des chambres de commerces (CCI, BECI), des instances \u00e9conomiques (UWE et FEB), politiques et sociales du pays<\/li>\n<li>La <strong>visibilit\u00e9<\/strong> : relai via le site internet et les diff\u00e9rents liens vers les partenaires ; participation aux conf\u00e9rences de presse<\/li>\n<li>La <strong>formation<\/strong> et l\u2019<strong>accompagnement<\/strong> : des sessions de mentorat sont organis\u00e9es b\u00e9n\u00e9volement par nos membres<\/li>\n<\/ul>\n<\/div><\/div><\/div><\/div><\/div><div class=\"fusion-clearfix\"><\/div><\/div><\/div><div class=\"fusion-layout-column fusion_builder_column fusion-builder-column-1 fusion_builder_column_2_3 2_3 fusion-two-third fusion-column-first\" style=\"--awb-bg-size:cover;width:66.666666666667%;width:calc(66.666666666667% - ( ( 4% ) * 0.66666666666667 ) );margin-right: 4%;\"><div class=\"fusion-column-wrapper fusion-column-has-shadow fusion-flex-column-wrapper-legacy\"><div class=\"accordian fusion-accordian\" style=\"--awb-border-size:1px;--awb-icon-size:16px;--awb-content-font-size:15px;--awb-icon-alignment:left;--awb-hover-color:#f9f9fb;--awb-border-color:#e2e2e2;--awb-background-color:#ffffff;--awb-divider-color:#9f031d;--awb-divider-hover-color:#9f031d;--awb-icon-color:#ffffff;--awb-title-color:#9a9a9a;--awb-content-color:#7a7a7a;--awb-icon-box-color:#605050;--awb-toggle-hover-accent-color:#9f031d;--awb-title-font-family:&quot;Roboto&quot;;--awb-title-font-weight:700;--awb-title-font-style:normal;--awb-title-letter-spacing:0px;--awb-title-line-height:1.43;--awb-content-font-family:&quot;Montserrat&quot;;--awb-content-font-style:normal;--awb-content-font-weight:400;\"><div class=\"panel-group fusion-toggle-icon-boxed\" id=\"accordion-107-2\"><div class=\"fusion-panel panel-default panel-73ca52e871231213e fusion-toggle-no-divider\"><div class=\"panel-heading\"><h4 class=\"panel-title toggle\" id=\"toggle_73ca52e871231213e\"><a class=\"active\" aria-expanded=\"true\" aria-controls=\"73ca52e871231213e\" role=\"button\" data-toggle=\"collapse\" data-parent=\"#accordion-107-2\" data-target=\"#73ca52e871231213e\" href=\"#73ca52e871231213e\"><span class=\"fusion-toggle-icon-wrapper\" aria-hidden=\"true\"><i class=\"fa-fusion-box active-icon awb-icon-minus\" aria-hidden=\"true\"><\/i><i class=\"fa-fusion-box inactive-icon awb-icon-plus\" aria-hidden=\"true\"><\/i><\/span><span class=\"fusion-toggle-heading\">NOTRE HISTOIRE<\/span><\/a><\/h4><\/div><div id=\"73ca52e871231213e\" class=\"panel-collapse collapse in\" aria-labelledby=\"toggle_73ca52e871231213e\"><div class=\"panel-body toggle-content fusion-clearfix\">\n<p>L\u2019association belge des Femmes Chefs d\u2019entreprises est \u00e0 ce jour <strong>la plus ancienne association de femmes<\/strong>.\u00a0Cr\u00e9\u00e9e \u00e0 la fin de la seconde guerre mondiale par <em><strong>Yvonne Foinant<\/strong> <\/em>apr\u00e8s le vote accord\u00e9 aux femmes, cette avocate fran\u00e7aise initie l\u2019association FCE \u00e0 Paris. En mars 1949, Madame<em> Annie Vandenschrik<\/em>, est la premi\u00e8re pr\u00e9sidente de l\u2019association belge. L\u2019association r\u00e9unit des femmes ayant investi dans une entreprise commerciale ou industrielle. Certaines sont seules \u00e0 bord et d\u2019autres sont accompagn\u00e9es d\u2019un membre de leur famille.<\/p>\n<p>En janvier 1950, les statuts d\u2019une <strong>association europ\u00e9enne<\/strong> des Femmes Chefs d\u2019Entreprises sont sign\u00e9s \u00e0 Bruxelles. La Grande-Bretagne et l\u2019Allemagne rejoignent la Belgique, les Pays-Bas et la France. Quelques ann\u00e9es plus tard, en 1965, l'association f\u00fbt reconnue au <strong>niveau mondiale<\/strong> et voit le jour sous le sigle de \" FCEM \". Aujourd'hui, Les Femmes Chefs d'Entreprise sont un r\u00e9seau de 5 millions de femmes entrepreneurs dans 120 pays et sur 5 continents.<\/p>\n<p>Depuis Janvier 2021, la pr\u00e9sidence nationale est assur\u00e9e par <b><i>B\u00e9atrice Delfin Diaz<\/i><\/b><em>.<\/em><\/p>\n<\/div><\/div><\/div><\/div><\/div><div class=\"fusion-clearfix\"><\/div><\/div><\/div><div class=\"fusion-layout-column fusion_builder_column fusion-builder-column-2 fusion_builder_column_1_3 1_3 fusion-one-third fusion-column-last\" style=\"--awb-bg-size:cover;width:33.333333333333%;width:calc(33.333333333333% - ( ( 4% ) * 0.33333333333333 ) );\"><div class=\"fusion-column-wrapper fusion-column-has-shadow fusion-flex-column-wrapper-legacy\"><div class=\"accordian fusion-accordian\" style=\"--awb-border-size:1px;--awb-icon-size:16px;--awb-content-font-size:15px;--awb-icon-alignment:left;--awb-hover-color:#f9f9fb;--awb-border-color:#e2e2e2;--awb-background-color:#ffffff;--awb-divider-color:#9f031d;--awb-divider-hover-color:#9f031d;--awb-icon-color:#ffffff;--awb-title-color:#9a9a9a;--awb-content-color:#7a7a7a;--awb-icon-box-color:#605050;--awb-toggle-hover-accent-color:#9f031d;--awb-title-font-family:&quot;Roboto&quot;;--awb-title-font-weight:700;--awb-title-font-style:normal;--awb-title-letter-spacing:0px;--awb-title-line-height:1.43;--awb-content-font-family:&quot;Montserrat&quot;;--awb-content-font-style:normal;--awb-content-font-weight:400;\"><div class=\"panel-group fusion-toggle-icon-boxed\" id=\"accordion-107-3\"><div class=\"fusion-panel panel-default panel-a3d94988bad830bf9 fusion-toggle-no-divider\"><div class=\"panel-heading\"><h4 class=\"panel-title toggle\" id=\"toggle_a3d94988bad830bf9\"><a aria-expanded=\"false\" aria-controls=\"a3d94988bad830bf9\" role=\"button\" data-toggle=\"collapse\" data-parent=\"#accordion-107-3\" data-target=\"#a3d94988bad830bf9\" href=\"#a3d94988bad830bf9\"><span class=\"fusion-toggle-icon-wrapper\" aria-hidden=\"true\"><i class=\"fa-fusion-box active-icon awb-icon-minus\" aria-hidden=\"true\"><\/i><i class=\"fa-fusion-box inactive-icon awb-icon-plus\" aria-hidden=\"true\"><\/i><\/span><span class=\"fusion-toggle-heading\">NOS PR\u00c9SIDENTES NATIONALES<\/span><\/a><\/h4><\/div><div id=\"a3d94988bad830bf9\" class=\"panel-collapse collapse \" aria-labelledby=\"toggle_a3d94988bad830bf9\"><div class=\"panel-body toggle-content fusion-clearfix\">\n<div class=\"fusion-text\">\n<p>Annie VANDENSCHRIK - 1949 \u00e0 1979<br \/>\nTinou DUTRY - 1978 \u00e0 1983<br \/>\nGaby EVERAERT - 1984 \u00e0 1985<br \/>\nMia SCHEPENS - 1986 \u00e0 1992<br \/>\nRen\u00e9e RICHARD - 1992 \u00e0 2002<br \/>\nFrits BRESSELEERS - 2002 \u00e0 2006<br \/>\nMicheline BRICLET - 2006 \u00e0 2010<br \/>\nCatherine HENRY - 2010 \u00e0 2014<br \/>\nBernadette PAQUES - 2014 \u00e0 2016<br \/>\nMurielle EYLETTERS - 2016-2021<\/p>\n<p>B\u00e9atrice DELFIN DIAZ - 2021 \u00e0 ce jour<\/p>\n<\/div>\n<\/div><\/div><\/div><\/div><\/div><div class=\"fusion-clearfix\"><\/div><\/div><\/div><div class=\"fusion-layout-column fusion_builder_column fusion-builder-column-3 fusion_builder_column_1_1 1_1 fusion-one-full fusion-column-first fusion-column-last\" style=\"--awb-bg-size:cover;\"><div class=\"fusion-column-wrapper fusion-column-has-shadow fusion-flex-column-wrapper-legacy\"><div class=\"fusion-sep-clear\"><\/div><div class=\"fusion-separator\" style=\"margin-left: auto;margin-right: auto;margin-top:15px;margin-bottom:15px;width:100%;max-width:90%;\"><div class=\"fusion-separator-border sep-single sep-solid\" style=\"--awb-height:20px;--awb-amount:20px;border-color:#9f031d;border-top-width:1px;\"><\/div><\/div><div class=\"fusion-sep-clear\"><\/div><div class=\"fusion-text fusion-text-2 fusion-animated\" style=\"--awb-font-size:30px;--awb-letter-spacing:2px;--awb-text-color:#000000;--awb-text-font-family:&quot;Roboto&quot;;--awb-text-font-style:normal;--awb-text-font-weight:300;\" data-animationType=\"zoomInLeft\" data-animationDuration=\"0.3\" data-animationOffset=\"top-into-view\"><p style=\"text-align: center;\">FCE, un r\u00e9seau ancr\u00e9 dans l'entrepreneuriat f\u00e9minin<\/p>\n<\/div><div class=\"fusion-sep-clear\"><\/div><div class=\"fusion-separator\" style=\"margin-left: auto;margin-right: auto;margin-top:15px;margin-bottom:15px;width:100%;max-width:90%;\"><div class=\"fusion-separator-border sep-single sep-solid\" style=\"--awb-height:20px;--awb-amount:20px;border-color:#9f031d;border-top-width:1px;\"><\/div><\/div><div class=\"fusion-sep-clear\"><\/div><div class=\"fusion-clearfix\"><\/div><\/div><\/div><div class=\"fusion-layout-column fusion_builder_column fusion-builder-column-4 fusion_builder_column_1_2 1_2 fusion-one-half fusion-column-first\" style=\"--awb-bg-size:cover;width:50%;width:calc(50% - ( ( 4% ) * 0.5 ) );margin-right: 4%;\"><div class=\"fusion-column-wrapper fusion-column-has-shadow fusion-flex-column-wrapper-legacy\"><div class=\"accordian fusion-accordian\" style=\"--awb-border-size:1px;--awb-icon-size:16px;--awb-content-font-size:15px;--awb-icon-alignment:left;--awb-hover-color:#f9f9fb;--awb-border-color:#e2e2e2;--awb-background-color:#ffffff;--awb-divider-color:#9f031d;--awb-divider-hover-color:#9f031d;--awb-icon-color:#ffffff;--awb-title-color:#9a9a9a;--awb-content-color:#7a7a7a;--awb-icon-box-color:#605050;--awb-toggle-hover-accent-color:#9f031d;--awb-title-font-family:&quot;Roboto&quot;;--awb-title-font-weight:700;--awb-title-font-style:normal;--awb-title-letter-spacing:0px;--awb-title-line-height:1.43;--awb-content-font-family:&quot;Montserrat&quot;;--awb-content-font-style:normal;--awb-content-font-weight:400;\"><div class=\"panel-group fusion-toggle-icon-boxed\" id=\"accordion-107-4\"><div class=\"fusion-panel panel-default panel-d697ac3e5b66511c6 fusion-toggle-no-divider\" style=\"--awb-title-color:#9a9a9a;--awb-content-color:#7a7a7a;\"><div class=\"panel-heading\"><h4 class=\"panel-title toggle\" id=\"toggle_d697ac3e5b66511c6\"><a aria-expanded=\"false\" aria-controls=\"d697ac3e5b66511c6\" role=\"button\" data-toggle=\"collapse\" data-parent=\"#accordion-107-4\" data-target=\"#d697ac3e5b66511c6\" href=\"#d697ac3e5b66511c6\"><span class=\"fusion-toggle-icon-wrapper\" aria-hidden=\"true\"><i class=\"fa-fusion-box active-icon awb-icon-minus\" aria-hidden=\"true\"><\/i><i class=\"fa-fusion-box inactive-icon awb-icon-plus\" aria-hidden=\"true\"><\/i><\/span><span class=\"fusion-toggle-heading\">L'Organe d'Administration<\/span><\/a><\/h4><\/div><div id=\"d697ac3e5b66511c6\" class=\"panel-collapse collapse \" aria-labelledby=\"toggle_d697ac3e5b66511c6\"><div class=\"panel-body toggle-content fusion-clearfix\">\n<h3 class=\"content-box-heading fusion-responsive-typography-calculated\" data-fontsize=\"18\" data-lineheight=\"23.0333px\">Pr\u00e9sidente nationale<\/h3>\n<p><b><i>B\u00e9atrice Delfin Diaz<br \/><\/i><\/b>Co-founder, Tax &amp; Legal Academy<\/p>\n<h3 class=\"content-box-heading fusion-responsive-typography-calculated\" data-fontsize=\"18\" data-lineheight=\"23.0333px\">Secr\u00e9taire g\u00e9n\u00e9rale<\/h3>\n<p><b><i>Katia Delfin Diaz<br \/><\/i><\/b>Fondatrice, OmniVAT srl Consulting &amp; Conseil fiscal<\/p>\n<h3 class=\"content-box-heading fusion-responsive-typography-calculated\" data-fontsize=\"18\" data-lineheight=\"23.0333px\">Tr\u00e9sori\u00e8re \u2013 CFO<\/h3>\n<p>Dany Remacle<\/p>\n<p><span style=\"color: var(--awb-content-color); font-family: var(--awb-content-font-family); font-size: var(--awb-content-font-size); font-style: var(--awb-content-font-style); font-weight: var(--awb-content-font-weight); letter-spacing: var(--awb-content-letter-spacing); text-transform: var(--awb-content-text-transform); background-color: var(--awb-bg-color-medium-hover);\">Fondatrice de Metodia srl<\/span><\/p>\n<\/p>\n<h3 class=\"content-box-heading fusion-responsive-typography-calculated\" data-fontsize=\"18\" data-lineheight=\"23.0333px\">Vice-pr\u00e9sidente &amp; Pr\u00e9sidente Flandres<\/h3>\n<p><b><i>Rie De Cock<br \/><\/i><\/b>Owner, Scudi<\/p>\n<h3 class=\"content-box-heading fusion-responsive-typography-calculated\" data-fontsize=\"18\" data-lineheight=\"23.0333px\">Vice-pr\u00e9sidente &amp; Pr\u00e9sidente Wallonie<\/h3>\n<p><b><i>Dominique Loroy<br \/><\/i><\/b>Fondatrice de Camille<\/p>\n<h3 class=\"content-box-heading fusion-responsive-typography-calculated\" data-fontsize=\"18\" data-lineheight=\"23.0333px\">Vice-pr\u00e9sidente &amp; Pr\u00e9sidente Bruxelles <\/h3>\n<p><b><i>Katia Delfin Diaz<br \/><\/i><\/b>Fondatrice, OmniVAT Consulting<\/p>\n<p><b style=\"color: rgb(7, 7, 7);\">Administratrice - Membre de l'OA<\/b><\/p>\n<p><span style=\"font-family: var(--awb-content-font-family); font-size: var(--awb-content-font-size); letter-spacing: var(--awb-content-letter-spacing); text-transform: var(--awb-content-text-transform); background-color: var(--awb-bg-color-medium-hover);\"><i style=\"\"><span style=\"font-style: var(--awb-content-font-style);\"><b>Ulrike Glos<br \/><\/b><\/span><\/i><\/span><span style=\"background-color: var(--awb-bg-color-hover); color: var(--awb-content-color); font-family: var(--awb-content-font-family); font-size: var(--awb-content-font-size); font-style: var(--awb-content-font-style); font-weight: var(--awb-content-font-weight); letter-spacing: var(--awb-content-letter-spacing); text-transform: var(--awb-content-text-transform);\">Fondatrice de Advertyoe<\/span><\/p>\n<\/p>\n<p><b><br \/><\/b><\/p>\n<\/div><\/div><\/div><\/div><\/div><div class=\"fusion-clearfix\"><\/div><\/div><\/div><div class=\"fusion-layout-column fusion_builder_column fusion-builder-column-5 fusion_builder_column_1_2 1_2 fusion-one-half fusion-column-last\" style=\"--awb-bg-size:cover;width:50%;width:calc(50% - ( ( 4% ) * 0.5 ) );\"><div class=\"fusion-column-wrapper fusion-column-has-shadow fusion-flex-column-wrapper-legacy\"><div class=\"accordian fusion-accordian\" style=\"--awb-border-size:1px;--awb-icon-size:16px;--awb-content-font-size:15px;--awb-icon-alignment:left;--awb-hover-color:#f9f9fb;--awb-border-color:#e2e2e2;--awb-background-color:#ffffff;--awb-divider-color:#9f031d;--awb-divider-hover-color:#9f031d;--awb-icon-color:#ffffff;--awb-title-color:#9a9a9a;--awb-content-color:#7a7a7a;--awb-icon-box-color:#605050;--awb-toggle-hover-accent-color:#9f031d;--awb-title-font-family:&quot;Roboto&quot;;--awb-title-font-weight:700;--awb-title-font-style:normal;--awb-title-letter-spacing:0px;--awb-title-line-height:1.43;--awb-content-font-family:&quot;Montserrat&quot;;--awb-content-font-style:normal;--awb-content-font-weight:400;\"><div class=\"panel-group fusion-toggle-icon-boxed\" id=\"accordion-107-5\"><div class=\"fusion-panel panel-default panel-f84bf5bf7f1c25cc0 fusion-toggle-no-divider\" style=\"--awb-title-color:#9a9a9a;--awb-content-color:#7a7a7a;\"><div class=\"panel-heading\"><h4 class=\"panel-title toggle\" id=\"toggle_f84bf5bf7f1c25cc0\"><a aria-expanded=\"false\" aria-controls=\"f84bf5bf7f1c25cc0\" role=\"button\" data-toggle=\"collapse\" data-parent=\"#accordion-107-5\" data-target=\"#f84bf5bf7f1c25cc0\" href=\"#f84bf5bf7f1c25cc0\"><span class=\"fusion-toggle-icon-wrapper\" aria-hidden=\"true\"><i class=\"fa-fusion-box active-icon awb-icon-minus\" aria-hidden=\"true\"><\/i><i class=\"fa-fusion-box inactive-icon awb-icon-plus\" aria-hidden=\"true\"><\/i><\/span><span class=\"fusion-toggle-heading\">Les pr\u00e9sidentes r\u00e9gionales<\/span><\/a><\/h4><\/div><div id=\"f84bf5bf7f1c25cc0\" class=\"panel-collapse collapse \" aria-labelledby=\"toggle_f84bf5bf7f1c25cc0\"><div class=\"panel-body toggle-content fusion-clearfix\">\n<h3 class=\"content-box-heading fusion-responsive-typography-calculated\" data-fontsize=\"18\" data-lineheight=\"23.0333px\"><span style=\"color: var(--h3_typography-color); font-family: var(--h3_typography-font-family); font-size: var(--h3_typography-font-size); font-style: var(--h3_typography-font-style,normal); font-weight: var(--h3_typography-font-weight); letter-spacing: var(--h3_typography-letter-spacing); text-transform: var(--h3_typography-text-transform); background-color: var(--awb-bg-color-hover);\">Pr\u00e9sidente r\u00e9gionale de Namur &amp; Hainaut<\/span><br \/><\/h3>\n<p><em><strong>Dominique Loroy <br \/><\/strong><\/em>Fondatrice de Camille. Accompagnement du dirigeant d'entreprise <i>(RSE, Qualit\u00e9, Sant\u00e9, S\u00e9curit\u00e9, mieux-\u00eatre travail)<\/i><\/p>\n<h3 class=\"content-box-heading fusion-responsive-typography-calculated\" data-fontsize=\"18\" data-lineheight=\"23.0333px\" data-fusion-font=\"true\" style=\"line-height: 32px; font-size: 18px;\">Pr\u00e9sidente r\u00e9gionale de Li\u00e8ge<\/h3>\n<p><i style=\"\"><b>Vinciane Jocqueau<br \/><\/b><\/i>CEO, RCI GROUP<\/p>\n<p><span style=\"color: var(--h3_typography-color); font-family: var(--h3_typography-font-family); font-size: var(--h3_typography-font-size); font-style: var(--h3_typography-font-style,normal); font-weight: var(--h3_typography-font-weight); letter-spacing: var(--h3_typography-letter-spacing); text-transform: var(--h3_typography-text-transform); background-color: var(--awb-bg-color);\">Pr\u00e9sidente r\u00e9gionale de la Wallonie-Picardie<\/span><\/p>\n<p><b><i>Virginie Delzenne <\/i><\/b>-  Fondatrice, D\u2019elle Zen - division Virgiprint<\/p>\n<p><b style=\"color: rgb(0, 0, 0); font-size: 17px;\" data-fusion-font=\"true\">Pr\u00e9sidente de la province du Luxembourg &amp; Brabant Wallon<\/b><\/p>\n<p><b><i>Dany Remacle<br \/><\/i><\/b>Fondatrice de Metodia srl<\/p>\n<p><\/p>\n<\/div><\/div><\/div><\/div><\/div><div class=\"fusion-clearfix\"><\/div><\/div><\/div><\/div><\/div><div class=\"fusion-fullwidth fullwidth-box fusion-builder-row-2 nonhundred-percent-fullwidth non-hundred-percent-height-scrolling\" style=\"--awb-border-radius-top-left:0px;--awb-border-radius-top-right:0px;--awb-border-radius-bottom-right:0px;--awb-border-radius-bottom-left:0px;--awb-flex-wrap:wrap;\" ><div class=\"fusion-builder-row fusion-row\"><div class=\"fusion-layout-column fusion_builder_column fusion-builder-column-6 fusion_builder_column_1_1 1_1 fusion-one-full fusion-column-first fusion-column-last\" style=\"--awb-bg-size:cover;\"><div class=\"fusion-column-wrapper fusion-column-has-shadow fusion-flex-column-wrapper-legacy\"><div class=\"fusion-clearfix\"><\/div><\/div><\/div><\/div><\/div><\/p>\n","protected":false},"excerpt":{"rendered":"","protected":false},"author":1,"featured_media":0,"parent":0,"menu_order":0,"comment_status":"closed","ping_status":"closed","template":"","meta":{"footnotes":""},"class_list":["post-107","page","type-page","status-publish","hentry"],"_links":{"self":[{"href":"https:\/\/fce-vvb.be\/index.php\/wp-json\/wp\/v2\/pages\/107","targetHints":{"allow":["GET"]}}],"collection":[{"href":"https:\/\/fce-vvb.be\/index.php\/wp-json\/wp\/v2\/pages"}],"about":[{"href":"https:\/\/fce-vvb.be\/index.php\/wp-json\/wp\/v2\/types\/page"}],"author":[{"embeddable":true,"href":"https:\/\/fce-vvb.be\/index.php\/wp-json\/wp\/v2\/users\/1"}],"replies":[{"embeddable":true,"href":"https:\/\/fce-vvb.be\/index.php\/wp-json\/wp\/v2\/comments?post=107"}],"version-history":[{"count":67,"href":"https:\/\/fce-vvb.be\/index.php\/wp-json\/wp\/v2\/pages\/107\/revisions"}],"predecessor-version":[{"id":3293,"href":"https:\/\/fce-vvb.be\/index.php\/wp-json\/wp\/v2\/pages\/107\/revisions\/3293"}],"wp:attachment":[{"href":"https:\/\/fce-vvb.be\/index.php\/wp-json\/wp\/v2\/media?parent=107"}],"curies":[{"name":"wp","href":"https:\/\/api.w.org\/{rel}","templated":true}]}}