{"id":125,"date":"2020-09-02T00:46:26","date_gmt":"2020-09-01T22:46:26","guid":{"rendered":"http:\/\/vlzimdz.cluster023.hosting.ovh.net\/?page_id=125"},"modified":"2025-04-17T22:16:47","modified_gmt":"2025-04-17T20:16:47","slug":"fce-academy","status":"publish","type":"page","link":"https:\/\/fce-vvb.be\/index.php\/fce-academy\/","title":{"rendered":"FCE Academy"},"content":{"rendered":"<p><div class=\"fusion-fullwidth fullwidth-box fusion-builder-row-1 nonhundred-percent-fullwidth non-hundred-percent-height-scrolling\" style=\"--awb-border-radius-top-left:0px;--awb-border-radius-top-right:0px;--awb-border-radius-bottom-right:0px;--awb-border-radius-bottom-left:0px;--awb-flex-wrap:wrap;\" ><div class=\"fusion-builder-row fusion-row\"><div class=\"fusion-layout-column fusion_builder_column fusion-builder-column-0 fusion_builder_column_1_1 1_1 fusion-one-full fusion-column-first fusion-column-last\" style=\"--awb-bg-size:cover;\"><div class=\"fusion-column-wrapper fusion-column-has-shadow fusion-flex-column-wrapper-legacy\"><div class=\"fusion-reading-box-container reading-box-container-1\" style=\"--awb-title-color:#212934;--awb-margin-top:25px;--awb-margin-bottom:45px;\"><div class=\"reading-box reading-box-center\" style=\"background-color:#f6f6f6;border-width:3px;border-color:#9f031d;border-left-width:3px;border-left-color:var(--primary_color);border-style:solid;\"><h2>D\u00e9veloppez vos comp\u00e9tences gr\u00e2ce aux formations de la FCE Academy<\/h2><\/div><\/div><div class=\"fusion-text fusion-text-1\"><h3>FCE Academy<\/h3>\n<\/div><div class=\"fusion-builder-row fusion-builder-row-inner fusion-row\"><div class=\"fusion-layout-column fusion_builder_column_inner fusion-builder-nested-column-0 fusion_builder_column_inner_1_2 1_2 fusion-one-half fusion-column-first\" style=\"--awb-bg-size:cover;width:50%;width:calc(50% - ( ( 4% ) * 0.5 ) );margin-right: 4%;\"><div class=\"fusion-column-wrapper fusion-column-has-shadow fusion-flex-column-wrapper-legacy\"><div class=\"fusion-text fusion-text-2\"><p>La FCE Academy vous propose diff\u00e9rents modules de formation.<\/p>\n<\/div><ul style=\"--awb-iconcolor:#9f031d;--awb-line-height:27.2px;--awb-icon-width:27.2px;--awb-icon-height:27.2px;--awb-icon-margin:11.2px;--awb-content-margin:38.4px;\" class=\"fusion-checklist fusion-checklist-1 fusion-checklist-default type-icons\"><li class=\"fusion-li-item\" style=\"\"><span class=\"icon-wrapper circle-no\"><i class=\"fusion-li-icon fa-check fas\" aria-hidden=\"true\"><\/i><\/span><div class=\"fusion-li-item-content\">\n<p>D\u00e9vloppement du personnel<\/p>\n<\/div><\/li><li class=\"fusion-li-item\" style=\"\"><span class=\"icon-wrapper circle-no\"><i class=\"fusion-li-icon fa-check fas\" aria-hidden=\"true\"><\/i><\/span><div class=\"fusion-li-item-content\">\n<p><span lang=\"FR\">Mindset \u00e0 Succ\u00e8s<\/span><\/p>\n<\/div><\/li><li class=\"fusion-li-item\" style=\"\"><span class=\"icon-wrapper circle-no\"><i class=\"fusion-li-icon fa-check fas\" aria-hidden=\"true\"><\/i><\/span><div class=\"fusion-li-item-content\">\n<p>Gestion de la communication et m\u00e9dias sociaux<\/p>\n<\/div><\/li><\/ul><div class=\"fusion-clearfix\"><\/div><\/div><\/div><div class=\"fusion-layout-column fusion_builder_column_inner fusion-builder-nested-column-1 fusion_builder_column_inner_1_2 1_2 fusion-one-half fusion-column-last\" style=\"--awb-bg-size:cover;width:50%;width:calc(50% - ( ( 4% ) * 0.5 ) );\"><div class=\"fusion-column-wrapper fusion-column-has-shadow fusion-flex-column-wrapper-legacy\"><div class=\"accordian fusion-accordian\" style=\"--awb-border-size:1px;--awb-icon-size:13px;--awb-content-font-size:15px;--awb-icon-alignment:left;--awb-hover-color:#f9f9fb;--awb-border-color:#e2e2e2;--awb-background-color:#ffffff;--awb-divider-color:#9f031d;--awb-divider-hover-color:#9f031d;--awb-icon-color:#ffffff;--awb-title-color:#9a9a9a;--awb-content-color:#7a7a7a;--awb-icon-box-color:#ffffff;--awb-toggle-hover-accent-color:#9f031d;--awb-title-font-family:&quot;Roboto&quot;;--awb-title-font-weight:700;--awb-title-font-style:normal;--awb-title-letter-spacing:0px;--awb-title-line-height:1.43;--awb-content-font-family:&quot;Montserrat&quot;;--awb-content-font-style:normal;--awb-content-font-weight:400;\"><div class=\"panel-group fusion-toggle-icon-boxed\" id=\"accordion-125-1\"><div class=\"fusion-panel panel-default panel-cbd009293f32c6271 fusion-toggle-has-divider\"><div class=\"panel-heading\"><h4 class=\"panel-title toggle\" id=\"toggle_cbd009293f32c6271\"><a aria-expanded=\"false\" aria-controls=\"cbd009293f32c6271\" role=\"button\" data-toggle=\"collapse\" data-parent=\"#accordion-125-1\" data-target=\"#cbd009293f32c6271\" href=\"#cbd009293f32c6271\"><span class=\"fusion-toggle-icon-wrapper\" aria-hidden=\"true\"><i class=\"fa-fusion-box active-icon awb-icon-minus\" aria-hidden=\"true\"><\/i><i class=\"fa-fusion-box inactive-icon awb-icon-plus\" aria-hidden=\"true\"><\/i><\/span><span class=\"fusion-toggle-heading\">Accessibilit\u00e9 des sessions ?<\/span><\/a><\/h4><\/div><div id=\"cbd009293f32c6271\" class=\"panel-collapse collapse \" aria-labelledby=\"toggle_cbd009293f32c6271\"><div class=\"panel-body toggle-content fusion-clearfix\">\n<p>Les sessions sont accessibles <strong>gratuitement<\/strong> aux membres FCE en ordre de cotisation. Seul le catering est payant. <br \/><b>Attention<\/b> : si vous \u00eates inscrite et que vous ne vous pr\u00e9sentez pas \u00e0 la session sans raison valable, une participation de 150\u20ac vous sera r\u00e9clam\u00e9e.<\/p>\n<\/div><\/div><\/div><div class=\"fusion-panel panel-default panel-7b4c6f4a754111c31 fusion-toggle-has-divider\"><div class=\"panel-heading\"><h4 class=\"panel-title toggle\" id=\"toggle_7b4c6f4a754111c31\"><a aria-expanded=\"false\" aria-controls=\"7b4c6f4a754111c31\" role=\"button\" data-toggle=\"collapse\" data-parent=\"#accordion-125-1\" data-target=\"#7b4c6f4a754111c31\" href=\"#7b4c6f4a754111c31\"><span class=\"fusion-toggle-icon-wrapper\" aria-hidden=\"true\"><i class=\"fa-fusion-box active-icon awb-icon-minus\" aria-hidden=\"true\"><\/i><i class=\"fa-fusion-box inactive-icon awb-icon-plus\" aria-hidden=\"true\"><\/i><\/span><span class=\"fusion-toggle-heading\">Nos partenaires<\/span><\/a><\/h4><\/div><div id=\"7b4c6f4a754111c31\" class=\"panel-collapse collapse \" aria-labelledby=\"toggle_7b4c6f4a754111c31\"><div class=\"panel-body toggle-content fusion-clearfix\">\n<ul>\n<li>Business Coach Academy<\/li>\n<li>Wintuitiv Coaching<\/li>\n<\/ul>\n<\/div><\/div><\/div><\/div><\/div><div class=\"fusion-clearfix\"><\/div><\/div><\/div><\/div><div class=\"fusion-sep-clear\"><\/div><div class=\"fusion-separator\" style=\"margin-left: auto;margin-right: auto;margin-top:10px;margin-bottom:25px;width:100%;max-width:90%;\"><div class=\"fusion-separator-border sep-single sep-solid\" style=\"--awb-height:20px;--awb-amount:20px;border-color:#9f031d;border-top-width:1px;\"><\/div><\/div><div class=\"fusion-sep-clear\"><\/div><div class=\"fusion-text fusion-text-3\"><h2 style=\"text-align: left;\">Sessions 2025<\/h2>\n<\/div><div class=\"fusion-clearfix\"><\/div><\/div><\/div><div class=\"fusion-layout-column fusion_builder_column fusion-builder-column-1 fusion_builder_column_2_3 2_3 fusion-two-third fusion-column-first\" style=\"--awb-bg-size:cover;width:66.666666666667%;width:calc(66.666666666667% - ( ( 4% ) * 0.66666666666667 ) );margin-right: 4%;\"><div class=\"fusion-column-wrapper fusion-column-has-shadow fusion-flex-column-wrapper-legacy\">\n<div class=\"table-1\">\n<p>&nbsp;<\/p>\n<table width=\"100%\">\n<thead>\n<tr>\n<th align=\"left\">Date \/ Lieu<\/th>\n<th align=\"left\">Contenu<\/th>\n<\/tr>\n<\/thead>\n<tbody>\n<tr>\n<td align=\"left\">02\/04\/2025 - Wafa Ben Sedrine<\/td>\n<td align=\"left\">Ikigai workshop<\/td>\n<\/tr>\n<tr>\n<td align=\"left\">09\/04\/2025 - Caroline Bachot<\/td>\n<td align=\"left\">Avoir un Mindset d'Entrepreneure \u00e0 Succ\u00e8s<\/td>\n<\/tr>\n<tr>\n<td align=\"left\">23\/04\/205 - Caroline Bachot<\/td>\n<td align=\"left\">4 \u00e9tapes pour un Business profitable &amp; perrenne<\/td>\n<\/tr>\n<tr>\n<td align=\"left\"><\/td>\n<td align=\"left\"><\/td>\n<\/tr>\n<\/tbody>\n<\/table>\n<\/div>\n<div class=\"fusion-clearfix\"><\/div><\/div><\/div><div class=\"fusion-layout-column fusion_builder_column fusion-builder-column-2 fusion_builder_column_1_3 1_3 fusion-one-third fusion-column-last fusion-column-no-min-height fusion-no-small-visibility\" style=\"--awb-bg-size:cover;width:33.333333333333%;width:calc(33.333333333333% - ( ( 4% ) * 0.33333333333333 ) );\"><div class=\"fusion-column-wrapper fusion-column-has-shadow fusion-flex-column-wrapper-legacy\"><div class=\"fusion-column-content-centered\"><div class=\"fusion-column-content\"><div class=\"fusion-image-element in-legacy-container\" style=\"--awb-caption-title-font-family:var(--h2_typography-font-family);--awb-caption-title-font-weight:var(--h2_typography-font-weight);--awb-caption-title-font-style:var(--h2_typography-font-style);--awb-caption-title-size:var(--h2_typography-font-size);--awb-caption-title-transform:var(--h2_typography-text-transform);--awb-caption-title-line-height:var(--h2_typography-line-height);--awb-caption-title-letter-spacing:var(--h2_typography-letter-spacing);\"><span class=\" fusion-imageframe imageframe-none imageframe-1 hover-type-none\"><img decoding=\"async\" width=\"255\" height=\"300\" title=\"Caroline Bachot Flyer post congres\" src=\"https:\/\/fce-vvb.be\/wp-content\/uploads\/2025\/04\/Caroline-Bachot-Flyer-post-congres-255x300.jpg\" alt class=\"img-responsive wp-image-3193\" srcset=\"https:\/\/fce-vvb.be\/wp-content\/uploads\/2025\/04\/Caroline-Bachot-Flyer-post-congres-200x235.jpg 200w, https:\/\/fce-vvb.be\/wp-content\/uploads\/2025\/04\/Caroline-Bachot-Flyer-post-congres-400x471.jpg 400w, https:\/\/fce-vvb.be\/wp-content\/uploads\/2025\/04\/Caroline-Bachot-Flyer-post-congres-600x706.jpg 600w, https:\/\/fce-vvb.be\/wp-content\/uploads\/2025\/04\/Caroline-Bachot-Flyer-post-congres-800x941.jpg 800w, https:\/\/fce-vvb.be\/wp-content\/uploads\/2025\/04\/Caroline-Bachot-Flyer-post-congres-1200x1412.jpg 1200w, https:\/\/fce-vvb.be\/wp-content\/uploads\/2025\/04\/Caroline-Bachot-Flyer-post-congres.jpg 1536w\" sizes=\"(max-width: 850px) 100vw, 400px\" \/><\/span><\/div><\/div><\/div><div class=\"fusion-clearfix\"><\/div><\/div><\/div><div class=\"fusion-layout-column fusion_builder_column fusion-builder-column-3 fusion_builder_column_1_1 1_1 fusion-one-full fusion-column-first fusion-column-last\" style=\"--awb-bg-size:cover;\"><div class=\"fusion-column-wrapper fusion-column-has-shadow fusion-flex-column-wrapper-legacy\"><div class=\"fusion-sep-clear\"><\/div><div class=\"fusion-separator\" style=\"margin-left: auto;margin-right: auto;margin-top:10px;margin-bottom:10px;width:100%;max-width:90%;\"><div class=\"fusion-separator-border sep-single sep-solid\" style=\"--awb-height:20px;--awb-amount:20px;border-color:#9f031d;border-top-width:1px;\"><\/div><\/div><div class=\"fusion-sep-clear\"><\/div><div class=\"fusion-clearfix\"><\/div><\/div><\/div><\/div><\/div><div class=\"fusion-fullwidth fullwidth-box fusion-builder-row-2 nonhundred-percent-fullwidth non-hundred-percent-height-scrolling\" style=\"--awb-border-radius-top-left:0px;--awb-border-radius-top-right:0px;--awb-border-radius-bottom-right:0px;--awb-border-radius-bottom-left:0px;--awb-flex-wrap:wrap;\" ><div class=\"fusion-builder-row fusion-row\"><div class=\"fusion-layout-column fusion_builder_column fusion-builder-column-4 fusion_builder_column_1_1 1_1 fusion-one-full fusion-column-first fusion-column-last\" style=\"--awb-bg-size:cover;\"><div class=\"fusion-column-wrapper fusion-column-has-shadow fusion-flex-column-wrapper-legacy\"><div class=\"fusion-text fusion-text-4\"><h3 style=\"text-align: center;\">Les \u00e9ditions pr\u00e9c\u00e9dentes : workshops, sessions, Summer Academy<\/h3>\n<\/div><div class=\"fusion-clearfix\"><\/div><\/div><\/div><div class=\"fusion-layout-column fusion_builder_column fusion-builder-column-5 fusion_builder_column_1_2 1_2 fusion-one-half fusion-column-first\" style=\"--awb-bg-size:cover;width:50%;width:calc(50% - ( ( 4% ) * 0.5 ) );margin-right: 4%;\"><div class=\"fusion-column-wrapper fusion-column-has-shadow fusion-flex-column-wrapper-legacy\"><div class=\"fusion-image-element fusion-image-align-center in-legacy-container\" style=\"text-align:center;--awb-mask-url: url(https:\/\/fce-vvb.be\/wp-content\/plugins\/fusion-builder\/\/assets\/images\/masks\/mask-10.svg);--awb-caption-title-font-family:var(--h2_typography-font-family);--awb-caption-title-font-weight:var(--h2_typography-font-weight);--awb-caption-title-font-style:var(--h2_typography-font-style);--awb-caption-title-size:var(--h2_typography-font-size);--awb-caption-title-transform:var(--h2_typography-text-transform);--awb-caption-title-line-height:var(--h2_typography-line-height);--awb-caption-title-letter-spacing:var(--h2_typography-letter-spacing);\"><div class=\"imageframe-align-center\"><span class=\" fusion-imageframe imageframe-none imageframe-2 hover-type-zoomin has-mask\"><img decoding=\"async\" width=\"300\" height=\"300\" title=\"lk\" src=\"https:\/\/fce-vvb.be\/wp-content\/uploads\/2021\/04\/lk-300x300.jpg\" alt class=\"img-responsive wp-image-927\" srcset=\"https:\/\/fce-vvb.be\/wp-content\/uploads\/2021\/04\/lk-200x200.jpg 200w, https:\/\/fce-vvb.be\/wp-content\/uploads\/2021\/04\/lk-400x400.jpg 400w, https:\/\/fce-vvb.be\/wp-content\/uploads\/2021\/04\/lk-600x600.jpg 600w, https:\/\/fce-vvb.be\/wp-content\/uploads\/2021\/04\/lk-800x800.jpg 800w, https:\/\/fce-vvb.be\/wp-content\/uploads\/2021\/04\/lk-1200x1200.jpg 1200w, https:\/\/fce-vvb.be\/wp-content\/uploads\/2021\/04\/lk.jpg 1810w\" sizes=\"(max-width: 850px) 100vw, 600px\" \/><\/span><\/div><\/div><div class=\"fusion-image-element fusion-image-align-center in-legacy-container\" style=\"text-align:center;--awb-mask-url: url(https:\/\/fce-vvb.be\/wp-content\/plugins\/fusion-builder\/\/assets\/images\/masks\/mask-1.svg);--awb-caption-title-font-family:var(--h2_typography-font-family);--awb-caption-title-font-weight:var(--h2_typography-font-weight);--awb-caption-title-font-style:var(--h2_typography-font-style);--awb-caption-title-size:var(--h2_typography-font-size);--awb-caption-title-transform:var(--h2_typography-text-transform);--awb-caption-title-line-height:var(--h2_typography-line-height);--awb-caption-title-letter-spacing:var(--h2_typography-letter-spacing);\"><div class=\"imageframe-align-center\"><span class=\" fusion-imageframe imageframe-none imageframe-3 hover-type-none has-mask\"><img decoding=\"async\" width=\"300\" height=\"262\" title=\"IMG-20191010-WA0034\" src=\"https:\/\/fce-vvb.be\/wp-content\/uploads\/2021\/05\/IMG-20191010-WA0034-300x262.jpg\" alt class=\"img-responsive wp-image-1183\" srcset=\"https:\/\/fce-vvb.be\/wp-content\/uploads\/2021\/05\/IMG-20191010-WA0034-200x174.jpg 200w, https:\/\/fce-vvb.be\/wp-content\/uploads\/2021\/05\/IMG-20191010-WA0034-400x349.jpg 400w, https:\/\/fce-vvb.be\/wp-content\/uploads\/2021\/05\/IMG-20191010-WA0034-600x523.jpg 600w, https:\/\/fce-vvb.be\/wp-content\/uploads\/2021\/05\/IMG-20191010-WA0034-800x698.jpg 800w, https:\/\/fce-vvb.be\/wp-content\/uploads\/2021\/05\/IMG-20191010-WA0034.jpg 1024w\" sizes=\"(max-width: 850px) 100vw, 600px\" \/><\/span><\/div><\/div><div class=\"fusion-clearfix\"><\/div><\/div><\/div><div class=\"fusion-layout-column fusion_builder_column fusion-builder-column-6 fusion_builder_column_1_2 1_2 fusion-one-half fusion-column-last\" style=\"--awb-bg-size:cover;width:50%;width:calc(50% - ( ( 4% ) * 0.5 ) );\"><div class=\"fusion-column-wrapper fusion-column-has-shadow fusion-flex-column-wrapper-legacy\"><div class=\"fusion-image-element fusion-image-align-center in-legacy-container\" style=\"text-align:center;--awb-caption-title-font-family:var(--h2_typography-font-family);--awb-caption-title-font-weight:var(--h2_typography-font-weight);--awb-caption-title-font-style:var(--h2_typography-font-style);--awb-caption-title-size:var(--h2_typography-font-size);--awb-caption-title-transform:var(--h2_typography-text-transform);--awb-caption-title-line-height:var(--h2_typography-line-height);--awb-caption-title-letter-spacing:var(--h2_typography-letter-spacing);\"><div class=\"imageframe-align-center\"><span class=\" fusion-imageframe imageframe-none imageframe-4 hover-type-zoomin\"><img decoding=\"async\" width=\"300\" height=\"122\" title=\"Brugges Pic Overview Final\" src=\"https:\/\/fce-vvb.be\/wp-content\/uploads\/2021\/04\/Brugges-Pic-Overview-Final-300x122.png\" alt class=\"img-responsive wp-image-928\" srcset=\"https:\/\/fce-vvb.be\/wp-content\/uploads\/2021\/04\/Brugges-Pic-Overview-Final-200x82.png 200w, https:\/\/fce-vvb.be\/wp-content\/uploads\/2021\/04\/Brugges-Pic-Overview-Final-400x163.png 400w, https:\/\/fce-vvb.be\/wp-content\/uploads\/2021\/04\/Brugges-Pic-Overview-Final-600x245.png 600w, https:\/\/fce-vvb.be\/wp-content\/uploads\/2021\/04\/Brugges-Pic-Overview-Final-800x326.png 800w, https:\/\/fce-vvb.be\/wp-content\/uploads\/2021\/04\/Brugges-Pic-Overview-Final.png 817w\" sizes=\"(max-width: 850px) 100vw, 600px\" \/><\/span><\/div><\/div><div class=\"fusion-image-element fusion-image-align-center in-legacy-container\" style=\"text-align:center;--awb-aspect-ratio:2 \/ 1;--awb-mask-url: url(https:\/\/fce-vvb.be\/wp-content\/plugins\/fusion-builder\/\/assets\/images\/masks\/mask-15.svg);--awb-caption-title-font-family:var(--h2_typography-font-family);--awb-caption-title-font-weight:var(--h2_typography-font-weight);--awb-caption-title-font-style:var(--h2_typography-font-style);--awb-caption-title-size:var(--h2_typography-font-size);--awb-caption-title-transform:var(--h2_typography-text-transform);--awb-caption-title-line-height:var(--h2_typography-line-height);--awb-caption-title-letter-spacing:var(--h2_typography-letter-spacing);\"><div class=\"imageframe-align-center\"><span class=\" fusion-imageframe imageframe-none imageframe-5 hover-type-none has-mask has-aspect-ratio\"><img decoding=\"async\" width=\"300\" height=\"181\" title=\"20191105_173909\" src=\"https:\/\/fce-vvb.be\/wp-content\/uploads\/2021\/05\/20191105_173909-300x181.jpg\" class=\"img-responsive wp-image-1231 img-with-aspect-ratio\" data-parent-fit=\"cover\" data-parent-container=\".fusion-image-element\" alt srcset=\"https:\/\/fce-vvb.be\/wp-content\/uploads\/2021\/05\/20191105_173909-200x121.jpg 200w, https:\/\/fce-vvb.be\/wp-content\/uploads\/2021\/05\/20191105_173909-400x241.jpg 400w, https:\/\/fce-vvb.be\/wp-content\/uploads\/2021\/05\/20191105_173909-600x362.jpg 600w, https:\/\/fce-vvb.be\/wp-content\/uploads\/2021\/05\/20191105_173909-800x483.jpg 800w, https:\/\/fce-vvb.be\/wp-content\/uploads\/2021\/05\/20191105_173909-1200x724.jpg 1200w\" sizes=\"(max-width: 850px) 100vw, 600px\" \/><\/span><\/div><\/div><div class=\"fusion-image-element fusion-image-align-center in-legacy-container\" style=\"text-align:center;--awb-mask-url: url(https:\/\/fce-vvb.be\/wp-content\/plugins\/fusion-builder\/\/assets\/images\/masks\/mask-1.svg);--awb-caption-title-font-family:var(--h2_typography-font-family);--awb-caption-title-font-weight:var(--h2_typography-font-weight);--awb-caption-title-font-style:var(--h2_typography-font-style);--awb-caption-title-size:var(--h2_typography-font-size);--awb-caption-title-transform:var(--h2_typography-text-transform);--awb-caption-title-line-height:var(--h2_typography-line-height);--awb-caption-title-letter-spacing:var(--h2_typography-letter-spacing);\"><div class=\"imageframe-align-center\"><span class=\" fusion-imageframe imageframe-none imageframe-6 hover-type-none has-mask\"><img decoding=\"async\" width=\"300\" height=\"169\" title=\"09 2018 Valeria conference\" src=\"https:\/\/fce-vvb.be\/wp-content\/uploads\/2021\/04\/09-2018-Valeria-conference-300x169.jpg\" alt class=\"img-responsive wp-image-925\" srcset=\"https:\/\/fce-vvb.be\/wp-content\/uploads\/2021\/04\/09-2018-Valeria-conference-200x113.jpg 200w, https:\/\/fce-vvb.be\/wp-content\/uploads\/2021\/04\/09-2018-Valeria-conference-400x225.jpg 400w, https:\/\/fce-vvb.be\/wp-content\/uploads\/2021\/04\/09-2018-Valeria-conference-600x338.jpg 600w, https:\/\/fce-vvb.be\/wp-content\/uploads\/2021\/04\/09-2018-Valeria-conference-800x450.jpg 800w, https:\/\/fce-vvb.be\/wp-content\/uploads\/2021\/04\/09-2018-Valeria-conference.jpg 960w\" sizes=\"(max-width: 850px) 100vw, 600px\" \/><\/span><\/div><\/div><div class=\"fusion-image-element fusion-image-align-center in-legacy-container\" style=\"text-align:center;--awb-mask-url: url(https:\/\/fce-vvb.be\/wp-content\/plugins\/fusion-builder\/\/assets\/images\/masks\/mask-14.svg);--awb-caption-title-font-family:var(--h2_typography-font-family);--awb-caption-title-font-weight:var(--h2_typography-font-weight);--awb-caption-title-font-style:var(--h2_typography-font-style);--awb-caption-title-size:var(--h2_typography-font-size);--awb-caption-title-transform:var(--h2_typography-text-transform);--awb-caption-title-line-height:var(--h2_typography-line-height);--awb-caption-title-letter-spacing:var(--h2_typography-letter-spacing);\"><div class=\"imageframe-align-center\"><span class=\" fusion-imageframe imageframe-none imageframe-7 hover-type-none has-mask\"><img decoding=\"async\" width=\"300\" height=\"225\" title=\"IMG-20190908-WA0005\" src=\"https:\/\/fce-vvb.be\/wp-content\/uploads\/2021\/05\/IMG-20190908-WA0005-300x225.jpg\" alt class=\"img-responsive wp-image-1175\" srcset=\"https:\/\/fce-vvb.be\/wp-content\/uploads\/2021\/05\/IMG-20190908-WA0005-200x150.jpg 200w, https:\/\/fce-vvb.be\/wp-content\/uploads\/2021\/05\/IMG-20190908-WA0005-400x300.jpg 400w, https:\/\/fce-vvb.be\/wp-content\/uploads\/2021\/05\/IMG-20190908-WA0005-600x450.jpg 600w, https:\/\/fce-vvb.be\/wp-content\/uploads\/2021\/05\/IMG-20190908-WA0005-800x600.jpg 800w, https:\/\/fce-vvb.be\/wp-content\/uploads\/2021\/05\/IMG-20190908-WA0005.jpg 1024w\" sizes=\"(max-width: 850px) 100vw, 600px\" \/><\/span><\/div><\/div><div class=\"fusion-clearfix\"><\/div><\/div><\/div><\/div><\/div><div class=\"fusion-fullwidth fullwidth-box fusion-builder-row-3 nonhundred-percent-fullwidth non-hundred-percent-height-scrolling\" style=\"--awb-border-radius-top-left:0px;--awb-border-radius-top-right:0px;--awb-border-radius-bottom-right:0px;--awb-border-radius-bottom-left:0px;--awb-flex-wrap:wrap;\" ><div class=\"fusion-builder-row fusion-row\"><div class=\"fusion-layout-column fusion_builder_column fusion-builder-column-7 fusion_builder_column_1_1 1_1 fusion-one-full fusion-column-first fusion-column-last\" style=\"--awb-bg-size:cover;\"><div class=\"fusion-column-wrapper fusion-column-has-shadow fusion-flex-column-wrapper-legacy\"><div class=\"fusion-sep-clear\"><\/div><div class=\"fusion-separator\" style=\"margin-left: auto;margin-right: auto;margin-top:15px;margin-bottom:15px;width:100%;max-width:90%;\"><div class=\"fusion-separator-border sep-single sep-solid\" style=\"--awb-height:20px;--awb-amount:20px;border-color:#9f031d;border-top-width:1px;\"><\/div><\/div><div class=\"fusion-sep-clear\"><\/div><div class=\"fusion-clearfix\"><\/div><\/div><\/div><\/div><\/div><\/p>\n","protected":false},"excerpt":{"rendered":"","protected":false},"author":1,"featured_media":0,"parent":0,"menu_order":0,"comment_status":"closed","ping_status":"closed","template":"","meta":{"footnotes":""},"class_list":["post-125","page","type-page","status-publish","hentry"],"_links":{"self":[{"href":"https:\/\/fce-vvb.be\/index.php\/wp-json\/wp\/v2\/pages\/125","targetHints":{"allow":["GET"]}}],"collection":[{"href":"https:\/\/fce-vvb.be\/index.php\/wp-json\/wp\/v2\/pages"}],"about":[{"href":"https:\/\/fce-vvb.be\/index.php\/wp-json\/wp\/v2\/types\/page"}],"author":[{"embeddable":true,"href":"https:\/\/fce-vvb.be\/index.php\/wp-json\/wp\/v2\/users\/1"}],"replies":[{"embeddable":true,"href":"https:\/\/fce-vvb.be\/index.php\/wp-json\/wp\/v2\/comments?post=125"}],"version-history":[{"count":44,"href":"https:\/\/fce-vvb.be\/index.php\/wp-json\/wp\/v2\/pages\/125\/revisions"}],"predecessor-version":[{"id":3196,"href":"https:\/\/fce-vvb.be\/index.php\/wp-json\/wp\/v2\/pages\/125\/revisions\/3196"}],"wp:attachment":[{"href":"https:\/\/fce-vvb.be\/index.php\/wp-json\/wp\/v2\/media?parent=125"}],"curies":[{"name":"wp","href":"https:\/\/api.w.org\/{rel}","templated":true}]}}