{"id":1440,"date":"2021-06-08T23:05:25","date_gmt":"2021-06-08T21:05:25","guid":{"rendered":"https:\/\/fce-vvb.be\/?page_id=1440"},"modified":"2021-06-09T01:43:24","modified_gmt":"2021-06-08T23:43:24","slug":"presse_fr","status":"publish","type":"page","link":"https:\/\/fce-vvb.be\/index.php\/presse_fr\/","title":{"rendered":"Presse_fr"},"content":{"rendered":"<p><div class=\"fusion-fullwidth fullwidth-box fusion-builder-row-1 fusion-flex-container nonhundred-percent-fullwidth non-hundred-percent-height-scrolling\" style=\"--awb-border-radius-top-left:0px;--awb-border-radius-top-right:0px;--awb-border-radius-bottom-right:0px;--awb-border-radius-bottom-left:0px;--awb-margin-bottom:15px;--awb-flex-wrap:wrap;\" ><div class=\"fusion-builder-row fusion-row fusion-flex-align-items-flex-start fusion-flex-content-wrap\" style=\"max-width:1216.8px;margin-left: calc(-4% \/ 2 );margin-right: calc(-4% \/ 2 );\"><div class=\"fusion-layout-column fusion_builder_column fusion-builder-column-0 fusion_builder_column_1_6 1_6 fusion-flex-column fusion-no-small-visibility\" style=\"--awb-bg-size:cover;--awb-width-large:16.666666666667%;--awb-margin-top-large:0px;--awb-spacing-right-large:11.52%;--awb-margin-bottom-large:20px;--awb-spacing-left-large:11.52%;--awb-width-medium:100%;--awb-order-medium:0;--awb-spacing-right-medium:1.92%;--awb-spacing-left-medium:1.92%;--awb-width-small:100%;--awb-order-small:0;--awb-spacing-right-small:1.92%;--awb-spacing-left-small:1.92%;\"><div class=\"fusion-column-wrapper fusion-column-has-shadow fusion-flex-justify-content-flex-start fusion-content-layout-column\"><\/div><\/div><div class=\"fusion-layout-column fusion_builder_column fusion-builder-column-1 fusion_builder_column_2_3 2_3 fusion-flex-column\" style=\"--awb-bg-size:cover;--awb-width-large:66.666666666667%;--awb-margin-top-large:0px;--awb-spacing-right-large:2.88%;--awb-margin-bottom-large:20px;--awb-spacing-left-large:2.88%;--awb-width-medium:100%;--awb-order-medium:0;--awb-spacing-right-medium:1.92%;--awb-spacing-left-medium:1.92%;--awb-width-small:100%;--awb-order-small:0;--awb-spacing-right-small:1.92%;--awb-spacing-left-small:1.92%;\"><div class=\"fusion-column-wrapper fusion-column-has-shadow fusion-flex-justify-content-flex-start fusion-content-layout-column\"><div class=\"fusion-text fusion-text-1\"><h3>Presse et \u00e9v\u00e9nements<\/h3>\n<\/div><\/div><\/div><div class=\"fusion-layout-column fusion_builder_column fusion-builder-column-2 fusion_builder_column_1_6 1_6 fusion-flex-column fusion-no-small-visibility\" style=\"--awb-bg-size:cover;--awb-width-large:16.666666666667%;--awb-margin-top-large:0px;--awb-spacing-right-large:11.52%;--awb-margin-bottom-large:20px;--awb-spacing-left-large:11.52%;--awb-width-medium:100%;--awb-order-medium:0;--awb-spacing-right-medium:1.92%;--awb-spacing-left-medium:1.92%;--awb-width-small:100%;--awb-order-small:0;--awb-spacing-right-small:1.92%;--awb-spacing-left-small:1.92%;\"><div class=\"fusion-column-wrapper fusion-column-has-shadow fusion-flex-justify-content-flex-start fusion-content-layout-column\"><\/div><\/div><\/div><\/div><div class=\"fusion-fullwidth fullwidth-box fusion-builder-row-2 fusion-flex-container nonhundred-percent-fullwidth non-hundred-percent-height-scrolling\" style=\"--awb-border-radius-top-left:0px;--awb-border-radius-top-right:0px;--awb-border-radius-bottom-right:0px;--awb-border-radius-bottom-left:0px;--awb-margin-bottom:35px;--awb-flex-wrap:wrap;\" ><div class=\"fusion-builder-row fusion-row fusion-flex-align-items-flex-start fusion-flex-content-wrap\" style=\"max-width:1216.8px;margin-left: calc(-4% \/ 2 );margin-right: calc(-4% \/ 2 );\"><div class=\"fusion-layout-column fusion_builder_column fusion-builder-column-3 fusion_builder_column_1_6 1_6 fusion-flex-column\" style=\"--awb-bg-size:cover;--awb-width-large:16.666666666667%;--awb-margin-top-large:0px;--awb-spacing-right-large:11.52%;--awb-margin-bottom-large:20px;--awb-spacing-left-large:11.52%;--awb-width-medium:100%;--awb-order-medium:0;--awb-spacing-right-medium:1.92%;--awb-spacing-left-medium:1.92%;--awb-width-small:100%;--awb-order-small:0;--awb-spacing-right-small:1.92%;--awb-spacing-left-small:1.92%;\"><div class=\"fusion-column-wrapper fusion-column-has-shadow fusion-flex-justify-content-flex-start fusion-content-layout-column\"><\/div><\/div><div class=\"fusion-layout-column fusion_builder_column fusion-builder-column-4 fusion_builder_column_2_3 2_3 fusion-flex-column fusion-column-inner-bg-wrapper\" style=\"--awb-padding-top:15px;--awb-padding-right:15px;--awb-padding-bottom:15px;--awb-padding-left:15px;--awb-inner-bg-color:#ffffff;--awb-inner-bg-color-hover:#ffffff;--awb-inner-bg-image:url(&#039;https:\/\/fce-vvb.be\/wp-content\/uploads\/2021\/06\/presse_morreale.jpeg&#039;);--awb-inner-bg-size:cover;--awb-width-large:66.666666666667%;--awb-margin-top-large:0px;--awb-spacing-right-large:0px;--awb-margin-bottom-large:0px;--awb-spacing-left-large:0px;--awb-width-medium:100%;--awb-order-medium:0;--awb-spacing-right-medium:1.92%;--awb-spacing-left-medium:1.92%;--awb-width-small:100%;--awb-order-small:0;--awb-spacing-right-small:1.92%;--awb-spacing-left-small:1.92%;\"><span class=\"fusion-column-inner-bg hover-type-zoomin\"><span class=\"fusion-column-anchor\"><span class=\"fusion-column-inner-bg-image\"><\/span><\/span><\/span><div class=\"fusion-column-wrapper fusion-column-has-shadow fusion-flex-justify-content-flex-start fusion-content-layout-column fusion-column-has-bg-image\" data-bg-url=\"https:\/\/fce-vvb.be\/wp-content\/uploads\/2021\/06\/presse_morreale.jpeg\"><!-- Add icon library -->\n<link rel=\"stylesheet\" href=\"https:\/\/cdnjs.cloudflare.com\/ajax\/libs\/font-awesome\/4.7.0\/css\/font-awesome.min.css\">\n\n<style>\n@import url('https:\/\/fonts.googleapis.com\/css?family=Roboto&display=swap');\n\n.text-vle {\n  background: rgba(0,0,0,0);\n  border: none;\n  color: rgba(50,50,255,0.8);\n  padding: 15px 32px;\n  text-align: left;\n  text-decoration: none;\n  display: inline-block;\n  font-family: Roboto;\n  font-size: 18px;\n  margin: 4px 2px;\n}\n\n.button-vle {\n  background: rgba(0,0,0,0);\n  border: none;\n  color: rgba(50,50,255,0.8);\n  padding: 15px 32px;\n  text-align: left;\n  text-decoration: none;\n  display: inline-block;\n  font-family: Roboto;\n  font-size: 18px;\n  margin: 4px 2px;\n  cursor: pointer;\n}\n\n.row-vle {\n  white-space: nowrap;\n}\n\n.row-vle > div {\n  width: 20%;\n  background: rgba(0,0,0,0);\n  border: 0px;\n  height: 20px;\n  display: inline-block;\n}\n<\/style>\n\n<div class=\"row-vle\">\n\t<div class=\"text-vle\">\n\t\tPress event \n\t<\/div>\n\t<div>\n\t\t<a href=\"#\" class=\"button-vle\"><i class=\"fa fa-file\"><\/i><\/a>\n\t<\/div>\n\t<div class=\"text-vle\">\n\t\tle 01\/02\/2021\n\t<\/div>\n<\/div>\n\n<div class=\"fusion-separator\" style=\"align-self: flex-start;margin-right:auto;margin-top:150px;margin-bottom:25px;width:100%;max-width:0px;\"><div class=\"fusion-separator-border sep-double\" style=\"--awb-height:20px;--awb-amount:20px;border-color:#9f031d;border-top-width:1px;border-bottom-width:1px;\"><\/div><\/div><div id=\"post_001\" style=\"background-color:#101010; opacity: .4; padding: 10px;\">\n<p style=\"text-align: left;\">Mille mercis \u00e0 <a href=\"https:\/\/be.linkedin.com\/in\/christie-morreale-4953a6a4?trk=public_post_share-update_update-text\" rel=\"nofollow\" data-tracking-control-name=\"public_post_share-update_update-text\" data-tracking-will-navigate=\"\">Christie Morreale<\/a>, VP et Ministre du Gouvernement wallon pour sa disponibilit\u00e9 et franc dialogue lors de notre visio-conf\u00e9rence du 01 juin. Tr\u00e8s riche \u00e9change et convivial o\u00f9 nous y avons abord\u00e9s les th\u00e8mes de l'#\u00e9galit\u00e9 des chances, la place de la femme dans la soci\u00e9t\u00e9, #formation, #\u00e9ducation, #STEM, ... et bien d'autres th\u00e8mes. D\u00e9bat anim\u00e9 par <a href=\"https:\/\/be.linkedin.com\/in\/beatrice-delfin-diaz-5595271?trk=public_post_share-update_update-text\" rel=\"nofollow\" data-tracking-control-name=\"public_post_share-update_update-text\" data-tracking-will-navigate=\"\">Beatrice Delfin-Diaz<\/a>, pr\u00e9sidente FCE. Merci aussi aux intervenantes pour leurs questions pertinentes <a href=\"https:\/\/be.linkedin.com\/in\/katia-delfin-diaz-337422?trk=public_post_share-update_update-text\" rel=\"nofollow\" data-tracking-control-name=\"public_post_share-update_update-text\" data-tracking-will-navigate=\"\">Katia Delfin Diaz<\/a>, <a href=\"https:\/\/fr.linkedin.com\/in\/natacha-amal-21a76b2a?trk=public_post_share-update_update-text\" rel=\"nofollow\" data-tracking-control-name=\"public_post_share-update_update-text\" data-tracking-will-navigate=\"\">Natacha Amal<\/a>, <a href=\"https:\/\/be.linkedin.com\/in\/virginie-delzenne-64600322?trk=public_post_share-update_update-text\" rel=\"nofollow\" data-tracking-control-name=\"public_post_share-update_update-text\" data-tracking-will-navigate=\"\">Virginie. Delzenne<\/a>, Wafa Ben Sedrine, Leatitia Kizizi\u00e9, <a href=\"https:\/\/be.linkedin.com\/in\/dominique-loroy-b2358113?trk=public_post_share-update_update-text\" rel=\"nofollow\" data-tracking-control-name=\"public_post_share-update_update-text\" data-tracking-will-navigate=\"\">Dominique Loroy<\/a>, <a href=\"https:\/\/be.linkedin.com\/in\/genevi%C3%A8ve-michel-a4aa826?trk=public_post_share-update_update-text\" rel=\"nofollow\" data-tracking-control-name=\"public_post_share-update_update-text\" data-tracking-will-navigate=\"\">Genevi\u00e8ve Michel<\/a> <a href=\"https:\/\/be.linkedin.com\/in\/mariejo%C3%ABllegoffioul?trk=public_post_share-update_update-text\" rel=\"nofollow\" data-tracking-control-name=\"public_post_share-update_update-text\" data-tracking-will-navigate=\"\">Marie-Jo\u00eblle Goffioul - Biotraduction<\/a> ...<\/p>\n<\/div><\/div><\/div><div class=\"fusion-layout-column fusion_builder_column fusion-builder-column-5 fusion_builder_column_1_6 1_6 fusion-flex-column\" style=\"--awb-bg-size:cover;--awb-width-large:16.666666666667%;--awb-margin-top-large:0px;--awb-spacing-right-large:11.52%;--awb-margin-bottom-large:20px;--awb-spacing-left-large:11.52%;--awb-width-medium:100%;--awb-order-medium:0;--awb-spacing-right-medium:1.92%;--awb-spacing-left-medium:1.92%;--awb-width-small:100%;--awb-order-small:0;--awb-spacing-right-small:1.92%;--awb-spacing-left-small:1.92%;\"><div class=\"fusion-column-wrapper fusion-column-has-shadow fusion-flex-justify-content-flex-start fusion-content-layout-column\"><\/div><\/div><\/div><\/div><div class=\"fusion-fullwidth fullwidth-box fusion-builder-row-3 fusion-flex-container nonhundred-percent-fullwidth non-hundred-percent-height-scrolling\" style=\"--awb-border-radius-top-left:0px;--awb-border-radius-top-right:0px;--awb-border-radius-bottom-right:0px;--awb-border-radius-bottom-left:0px;--awb-margin-bottom:15px;--awb-flex-wrap:wrap;\" ><div class=\"fusion-builder-row fusion-row fusion-flex-align-items-flex-start fusion-flex-content-wrap\" style=\"max-width:1216.8px;margin-left: calc(-4% \/ 2 );margin-right: calc(-4% \/ 2 );\"><div class=\"fusion-layout-column fusion_builder_column fusion-builder-column-6 fusion_builder_column_1_6 1_6 fusion-flex-column fusion-no-small-visibility\" style=\"--awb-bg-size:cover;--awb-width-large:16.666666666667%;--awb-margin-top-large:0px;--awb-spacing-right-large:11.52%;--awb-margin-bottom-large:20px;--awb-spacing-left-large:11.52%;--awb-width-medium:100%;--awb-order-medium:0;--awb-spacing-right-medium:1.92%;--awb-spacing-left-medium:1.92%;--awb-width-small:100%;--awb-order-small:0;--awb-spacing-right-small:1.92%;--awb-spacing-left-small:1.92%;\"><div class=\"fusion-column-wrapper fusion-column-has-shadow fusion-flex-justify-content-flex-start fusion-content-layout-column\"><\/div><\/div><div class=\"fusion-layout-column fusion_builder_column fusion-builder-column-7 fusion_builder_column_2_3 2_3 fusion-flex-column\" style=\"--awb-bg-size:cover;--awb-width-large:66.666666666667%;--awb-margin-top-large:0px;--awb-spacing-right-large:2.88%;--awb-margin-bottom-large:20px;--awb-spacing-left-large:2.88%;--awb-width-medium:100%;--awb-order-medium:0;--awb-spacing-right-medium:1.92%;--awb-spacing-left-medium:1.92%;--awb-width-small:100%;--awb-order-small:0;--awb-spacing-right-small:1.92%;--awb-spacing-left-small:1.92%;\"><div class=\"fusion-column-wrapper fusion-column-has-shadow fusion-flex-justify-content-flex-start fusion-content-layout-column\"><div class=\"fusion-text fusion-text-2\"><h3>Communiqu\u00e9s de presse<\/h3>\n<\/div><\/div><\/div><div class=\"fusion-layout-column fusion_builder_column fusion-builder-column-8 fusion_builder_column_1_6 1_6 fusion-flex-column fusion-no-small-visibility\" style=\"--awb-bg-size:cover;--awb-width-large:16.666666666667%;--awb-margin-top-large:0px;--awb-spacing-right-large:11.52%;--awb-margin-bottom-large:20px;--awb-spacing-left-large:11.52%;--awb-width-medium:100%;--awb-order-medium:0;--awb-spacing-right-medium:1.92%;--awb-spacing-left-medium:1.92%;--awb-width-small:100%;--awb-order-small:0;--awb-spacing-right-small:1.92%;--awb-spacing-left-small:1.92%;\"><div class=\"fusion-column-wrapper fusion-column-has-shadow fusion-flex-justify-content-flex-start fusion-content-layout-column\"><\/div><\/div><\/div><\/div><div class=\"fusion-fullwidth fullwidth-box fusion-builder-row-4 fusion-flex-container nonhundred-percent-fullwidth non-hundred-percent-height-scrolling\" style=\"--awb-border-radius-top-left:0px;--awb-border-radius-top-right:0px;--awb-border-radius-bottom-right:0px;--awb-border-radius-bottom-left:0px;--awb-flex-wrap:wrap;\" ><div class=\"fusion-builder-row fusion-row fusion-flex-align-items-flex-start fusion-flex-content-wrap\" style=\"max-width:1216.8px;margin-left: calc(-4% \/ 2 );margin-right: calc(-4% \/ 2 );\"><div class=\"fusion-layout-column fusion_builder_column fusion-builder-column-9 fusion_builder_column_1_6 1_6 fusion-flex-column fusion-no-small-visibility\" style=\"--awb-bg-size:cover;--awb-width-large:16.666666666667%;--awb-margin-top-large:0px;--awb-spacing-right-large:11.52%;--awb-margin-bottom-large:20px;--awb-spacing-left-large:11.52%;--awb-width-medium:100%;--awb-order-medium:0;--awb-spacing-right-medium:1.92%;--awb-spacing-left-medium:1.92%;--awb-width-small:100%;--awb-order-small:0;--awb-spacing-right-small:1.92%;--awb-spacing-left-small:1.92%;\"><div class=\"fusion-column-wrapper fusion-column-has-shadow fusion-flex-justify-content-flex-start fusion-content-layout-column\"><\/div><\/div><div class=\"fusion-layout-column fusion_builder_column fusion-builder-column-10 fusion_builder_column_1_3 1_3 fusion-flex-column\" style=\"--awb-bg-size:cover;--awb-width-large:33.333333333333%;--awb-margin-top-large:0px;--awb-spacing-right-large:5.76%;--awb-margin-bottom-large:20px;--awb-spacing-left-large:5.76%;--awb-width-medium:100%;--awb-order-medium:0;--awb-spacing-right-medium:1.92%;--awb-spacing-left-medium:1.92%;--awb-width-small:100%;--awb-order-small:0;--awb-spacing-right-small:1.92%;--awb-spacing-left-small:1.92%;\"><div class=\"fusion-column-wrapper fusion-column-has-shadow fusion-flex-justify-content-flex-start fusion-content-layout-column\"><div class=\"fusion-text fusion-text-3\"><p>2<\/p>\n<\/div><div class=\"fusion-image-element \" style=\"--awb-caption-title-font-family:var(--h2_typography-font-family);--awb-caption-title-font-weight:var(--h2_typography-font-weight);--awb-caption-title-font-style:var(--h2_typography-font-style);--awb-caption-title-size:var(--h2_typography-font-size);--awb-caption-title-transform:var(--h2_typography-text-transform);--awb-caption-title-line-height:var(--h2_typography-line-height);--awb-caption-title-letter-spacing:var(--h2_typography-letter-spacing);\"><span class=\" fusion-imageframe imageframe-none imageframe-1 hover-type-none\"><img decoding=\"async\" src=\"https:\/\/fce-vvb.be\/wp-content\/uploads\/2021\/06\/presse_morreale.jpeg\" alt class=\"img-responsive\"\/><\/span><\/div><div class=\"fusion-text fusion-text-4\"><p style=\"text-align: left;\">Mille mercis \u00e0 <a href=\"https:\/\/be.linkedin.com\/in\/christie-morreale-4953a6a4?trk=public_post_share-update_update-text\" rel=\"nofollow\" data-tracking-control-name=\"public_post_share-update_update-text\" data-tracking-will-navigate=\"\">Christie Morreale<\/a>, VP et Ministre du Gouvernement wallon pour sa disponibilit\u00e9 et franc dialogue lors de notre visio-conf\u00e9rence du 01 juin. Tr\u00e8s riche \u00e9change et convivial o\u00f9 nous y avons abord\u00e9s les th\u00e8mes de l'<a href=\"https:\/\/www.linkedin.com\/signup\/cold-join?session_redirect=https%3A%2F%2Fwww%2Elinkedin%2Ecom%2Ffeed%2Fhashtag%2FAezgalitAez&amp;trk=public_post_share-update_update-text\" rel=\"nofollow\" data-tracking-control-name=\"public_post_share-update_update-text\" data-tracking-will-navigate=\"\">#\u00e9galit\u00e9<\/a> des chances, la place de la femme dans la soci\u00e9t\u00e9, <a href=\"https:\/\/www.linkedin.com\/signup\/cold-join?session_redirect=https%3A%2F%2Fwww%2Elinkedin%2Ecom%2Ffeed%2Fhashtag%2Fformation&amp;trk=public_post_share-update_update-text\" rel=\"nofollow\" data-tracking-control-name=\"public_post_share-update_update-text\" data-tracking-will-navigate=\"\">#formation<\/a>, <a href=\"https:\/\/www.linkedin.com\/signup\/cold-join?session_redirect=https%3A%2F%2Fwww%2Elinkedin%2Ecom%2Ffeed%2Fhashtag%2FAezducation&amp;trk=public_post_share-update_update-text\" rel=\"nofollow\" data-tracking-control-name=\"public_post_share-update_update-text\" data-tracking-will-navigate=\"\">#\u00e9ducation<\/a>, <a href=\"https:\/\/www.linkedin.com\/signup\/cold-join?session_redirect=https%3A%2F%2Fwww%2Elinkedin%2Ecom%2Ffeed%2Fhashtag%2Fstem&amp;trk=public_post_share-update_update-text\" rel=\"nofollow\" data-tracking-control-name=\"public_post_share-update_update-text\" data-tracking-will-navigate=\"\">#STEM<\/a>, ... et bien d'autres th\u00e8mes. D\u00e9bat anim\u00e9 par <a href=\"https:\/\/be.linkedin.com\/in\/beatrice-delfin-diaz-5595271?trk=public_post_share-update_update-text\" rel=\"nofollow\" data-tracking-control-name=\"public_post_share-update_update-text\" data-tracking-will-navigate=\"\">Beatrice Delfin-Diaz<\/a>, pr\u00e9sidente FCE. Merci aussi aux intervenantes pour leurs questions pertinentes <a href=\"https:\/\/be.linkedin.com\/in\/katia-delfin-diaz-337422?trk=public_post_share-update_update-text\" rel=\"nofollow\" data-tracking-control-name=\"public_post_share-update_update-text\" data-tracking-will-navigate=\"\">Katia Delfin Diaz<\/a> <a href=\"https:\/\/fr.linkedin.com\/in\/natacha-amal-21a76b2a?trk=public_post_share-update_update-text\" rel=\"nofollow\" data-tracking-control-name=\"public_post_share-update_update-text\" data-tracking-will-navigate=\"\">Natacha Amal<\/a> <a href=\"https:\/\/be.linkedin.com\/in\/virginie-delzenne-64600322?trk=public_post_share-update_update-text\" rel=\"nofollow\" data-tracking-control-name=\"public_post_share-update_update-text\" data-tracking-will-navigate=\"\">Virginie. Delzenne<\/a> Wafa Ben Sedrine Leatitia Kizizi\u00e9 <a href=\"https:\/\/be.linkedin.com\/in\/dominique-loroy-b2358113?trk=public_post_share-update_update-text\" rel=\"nofollow\" data-tracking-control-name=\"public_post_share-update_update-text\" data-tracking-will-navigate=\"\">Dominique Loroy<\/a> <a href=\"https:\/\/be.linkedin.com\/in\/genevi%C3%A8ve-michel-a4aa826?trk=public_post_share-update_update-text\" rel=\"nofollow\" data-tracking-control-name=\"public_post_share-update_update-text\" data-tracking-will-navigate=\"\">Genevi\u00e8ve Michel<\/a> <a href=\"https:\/\/be.linkedin.com\/in\/mariejo%C3%ABllegoffioul?trk=public_post_share-update_update-text\" rel=\"nofollow\" data-tracking-control-name=\"public_post_share-update_update-text\" data-tracking-will-navigate=\"\">Marie-Jo\u00eblle Goffioul - Biotraduction<\/a> ...<\/p>\n<\/div><\/div><\/div><div class=\"fusion-layout-column fusion_builder_column fusion-builder-column-11 fusion_builder_column_1_3 1_3 fusion-flex-column\" style=\"--awb-bg-size:cover;--awb-width-large:33.333333333333%;--awb-margin-top-large:0px;--awb-spacing-right-large:5.76%;--awb-margin-bottom-large:20px;--awb-spacing-left-large:5.76%;--awb-width-medium:100%;--awb-order-medium:0;--awb-spacing-right-medium:1.92%;--awb-spacing-left-medium:1.92%;--awb-width-small:100%;--awb-order-small:0;--awb-spacing-right-small:1.92%;--awb-spacing-left-small:1.92%;\"><div class=\"fusion-column-wrapper fusion-column-has-shadow fusion-flex-justify-content-flex-start fusion-content-layout-column\"><div class=\"fusion-text fusion-text-5\"><p>3<\/p>\n<\/div><div class=\"fusion-image-element \" style=\"--awb-caption-title-font-family:var(--h2_typography-font-family);--awb-caption-title-font-weight:var(--h2_typography-font-weight);--awb-caption-title-font-style:var(--h2_typography-font-style);--awb-caption-title-size:var(--h2_typography-font-size);--awb-caption-title-transform:var(--h2_typography-text-transform);--awb-caption-title-line-height:var(--h2_typography-line-height);--awb-caption-title-letter-spacing:var(--h2_typography-letter-spacing);\"><span class=\" fusion-imageframe imageframe-none imageframe-2 hover-type-none\"><img decoding=\"async\" src=\"https:\/\/fce-vvb.be\/wp-content\/uploads\/2021\/06\/presse_morreale.jpeg\" alt class=\"img-responsive\"\/><\/span><\/div><div class=\"fusion-text fusion-text-6\"><p style=\"text-align: left;\">Mille mercis \u00e0 <a href=\"https:\/\/be.linkedin.com\/in\/christie-morreale-4953a6a4?trk=public_post_share-update_update-text\" rel=\"nofollow\" data-tracking-control-name=\"public_post_share-update_update-text\" data-tracking-will-navigate=\"\">Christie Morreale<\/a>, VP et Ministre du Gouvernement wallon pour sa disponibilit\u00e9 et franc dialogue lors de notre visio-conf\u00e9rence du 01 juin. Tr\u00e8s riche \u00e9change et convivial o\u00f9 nous y avons abord\u00e9s les th\u00e8mes de l'<a href=\"https:\/\/www.linkedin.com\/signup\/cold-join?session_redirect=https%3A%2F%2Fwww%2Elinkedin%2Ecom%2Ffeed%2Fhashtag%2FAezgalitAez&amp;trk=public_post_share-update_update-text\" rel=\"nofollow\" data-tracking-control-name=\"public_post_share-update_update-text\" data-tracking-will-navigate=\"\">#\u00e9galit\u00e9<\/a> des chances, la place de la femme dans la soci\u00e9t\u00e9, <a href=\"https:\/\/www.linkedin.com\/signup\/cold-join?session_redirect=https%3A%2F%2Fwww%2Elinkedin%2Ecom%2Ffeed%2Fhashtag%2Fformation&amp;trk=public_post_share-update_update-text\" rel=\"nofollow\" data-tracking-control-name=\"public_post_share-update_update-text\" data-tracking-will-navigate=\"\">#formation<\/a>, <a href=\"https:\/\/www.linkedin.com\/signup\/cold-join?session_redirect=https%3A%2F%2Fwww%2Elinkedin%2Ecom%2Ffeed%2Fhashtag%2FAezducation&amp;trk=public_post_share-update_update-text\" rel=\"nofollow\" data-tracking-control-name=\"public_post_share-update_update-text\" data-tracking-will-navigate=\"\">#\u00e9ducation<\/a>, <a href=\"https:\/\/www.linkedin.com\/signup\/cold-join?session_redirect=https%3A%2F%2Fwww%2Elinkedin%2Ecom%2Ffeed%2Fhashtag%2Fstem&amp;trk=public_post_share-update_update-text\" rel=\"nofollow\" data-tracking-control-name=\"public_post_share-update_update-text\" data-tracking-will-navigate=\"\">#STEM<\/a>, ... et bien d'autres th\u00e8mes. D\u00e9bat anim\u00e9 par <a href=\"https:\/\/be.linkedin.com\/in\/beatrice-delfin-diaz-5595271?trk=public_post_share-update_update-text\" rel=\"nofollow\" data-tracking-control-name=\"public_post_share-update_update-text\" data-tracking-will-navigate=\"\">Beatrice Delfin-Diaz<\/a>, pr\u00e9sidente FCE. Merci aussi aux intervenantes pour leurs questions pertinentes <a href=\"https:\/\/be.linkedin.com\/in\/katia-delfin-diaz-337422?trk=public_post_share-update_update-text\" rel=\"nofollow\" data-tracking-control-name=\"public_post_share-update_update-text\" data-tracking-will-navigate=\"\">Katia Delfin Diaz<\/a> <a href=\"https:\/\/fr.linkedin.com\/in\/natacha-amal-21a76b2a?trk=public_post_share-update_update-text\" rel=\"nofollow\" data-tracking-control-name=\"public_post_share-update_update-text\" data-tracking-will-navigate=\"\">Natacha Amal<\/a> <a href=\"https:\/\/be.linkedin.com\/in\/virginie-delzenne-64600322?trk=public_post_share-update_update-text\" rel=\"nofollow\" data-tracking-control-name=\"public_post_share-update_update-text\" data-tracking-will-navigate=\"\">Virginie. Delzenne<\/a> Wafa Ben Sedrine Leatitia Kizizi\u00e9 <a href=\"https:\/\/be.linkedin.com\/in\/dominique-loroy-b2358113?trk=public_post_share-update_update-text\" rel=\"nofollow\" data-tracking-control-name=\"public_post_share-update_update-text\" data-tracking-will-navigate=\"\">Dominique Loroy<\/a> <a href=\"https:\/\/be.linkedin.com\/in\/genevi%C3%A8ve-michel-a4aa826?trk=public_post_share-update_update-text\" rel=\"nofollow\" data-tracking-control-name=\"public_post_share-update_update-text\" data-tracking-will-navigate=\"\">Genevi\u00e8ve Michel<\/a> <a href=\"https:\/\/be.linkedin.com\/in\/mariejo%C3%ABllegoffioul?trk=public_post_share-update_update-text\" rel=\"nofollow\" data-tracking-control-name=\"public_post_share-update_update-text\" data-tracking-will-navigate=\"\">Marie-Jo\u00eblle Goffioul - Biotraduction<\/a> ...<\/p>\n<\/div><\/div><\/div><div class=\"fusion-layout-column fusion_builder_column fusion-builder-column-12 fusion_builder_column_1_6 1_6 fusion-flex-column fusion-no-small-visibility\" style=\"--awb-bg-size:cover;--awb-width-large:16.666666666667%;--awb-margin-top-large:0px;--awb-spacing-right-large:11.52%;--awb-margin-bottom-large:20px;--awb-spacing-left-large:11.52%;--awb-width-medium:100%;--awb-order-medium:0;--awb-spacing-right-medium:1.92%;--awb-spacing-left-medium:1.92%;--awb-width-small:100%;--awb-order-small:0;--awb-spacing-right-small:1.92%;--awb-spacing-left-small:1.92%;\"><div class=\"fusion-column-wrapper fusion-column-has-shadow fusion-flex-justify-content-flex-start fusion-content-layout-column\"><\/div><\/div><\/div><\/div><\/p>\n","protected":false},"excerpt":{"rendered":"","protected":false},"author":6,"featured_media":0,"parent":0,"menu_order":0,"comment_status":"closed","ping_status":"closed","template":"","meta":{"footnotes":""},"class_list":["post-1440","page","type-page","status-publish","hentry"],"_links":{"self":[{"href":"https:\/\/fce-vvb.be\/index.php\/wp-json\/wp\/v2\/pages\/1440","targetHints":{"allow":["GET"]}}],"collection":[{"href":"https:\/\/fce-vvb.be\/index.php\/wp-json\/wp\/v2\/pages"}],"about":[{"href":"https:\/\/fce-vvb.be\/index.php\/wp-json\/wp\/v2\/types\/page"}],"author":[{"embeddable":true,"href":"https:\/\/fce-vvb.be\/index.php\/wp-json\/wp\/v2\/users\/6"}],"replies":[{"embeddable":true,"href":"https:\/\/fce-vvb.be\/index.php\/wp-json\/wp\/v2\/comments?post=1440"}],"version-history":[{"count":14,"href":"https:\/\/fce-vvb.be\/index.php\/wp-json\/wp\/v2\/pages\/1440\/revisions"}],"predecessor-version":[{"id":1455,"href":"https:\/\/fce-vvb.be\/index.php\/wp-json\/wp\/v2\/pages\/1440\/revisions\/1455"}],"wp:attachment":[{"href":"https:\/\/fce-vvb.be\/index.php\/wp-json\/wp\/v2\/media?parent=1440"}],"curies":[{"name":"wp","href":"https:\/\/api.w.org\/{rel}","templated":true}]}}