{"id":185,"date":"2020-09-04T10:33:28","date_gmt":"2020-09-04T08:33:28","guid":{"rendered":"http:\/\/vlzimdz.cluster023.hosting.ovh.net\/?page_id=185"},"modified":"2021-10-20T10:04:32","modified_gmt":"2021-10-20T08:04:32","slug":"rgpd","status":"publish","type":"page","link":"https:\/\/fce-vvb.be\/index.php\/rgpd\/","title":{"rendered":"RGPD"},"content":{"rendered":"<div class=\"fusion-fullwidth fullwidth-box fusion-builder-row-1 nonhundred-percent-fullwidth non-hundred-percent-height-scrolling\" style=\"--awb-border-radius-top-left:0px;--awb-border-radius-top-right:0px;--awb-border-radius-bottom-right:0px;--awb-border-radius-bottom-left:0px;--awb-padding-top:2px;--awb-padding-right:2px;--awb-padding-bottom:2px;--awb-padding-left:2px;--awb-flex-wrap:wrap;\" ><div class=\"fusion-builder-row fusion-row\"><div class=\"fusion-layout-column fusion_builder_column fusion-builder-column-0 fusion_builder_column_1_5 1_5 fusion-one-fifth fusion-column-first\" style=\"--awb-bg-size:cover;width:20%;width:calc(20% - ( ( 4% + 4% ) * 0.2 ) );margin-right: 4%;\"><div class=\"fusion-column-wrapper fusion-column-has-shadow fusion-flex-column-wrapper-legacy\"><div class=\"fusion-clearfix\"><\/div><\/div><\/div><div class=\"fusion-layout-column fusion_builder_column fusion-builder-column-1 fusion_builder_column_3_5 3_5 fusion-three-fifth\" style=\"--awb-bg-size:cover;width:60%;width:calc(60% - ( ( 4% + 4% ) * 0.6 ) );margin-right: 4%;\"><div class=\"fusion-column-wrapper fusion-column-has-shadow fusion-flex-column-wrapper-legacy\"><div class=\"fusion-text fusion-text-1\"><h2>R\u00e8glement g\u00e9n\u00e9ral sur la protection des donn\u00e9es<\/h2>\n<\/div><div class=\"fusion-text fusion-text-2\"><h3>Informations relatives aux donn\u00e9es personnels collect\u00e9es:<\/h3>\n<h4><strong>Qui est est FCE asbl ?<\/strong><\/h4>\n<p>ASSOCIATION BELGE DES FEMMES CHEFS D\u2019ENTREPRISES<br \/>\nAvenue Louise 500<br \/>\n1050 Bruxelles<\/p>\n<p>N\u00b0Entreprise : 0408.940.815<br \/>\nIBAN : BE85 2100 4611 8906<br \/>\nAu nom de FCE-VVB<br \/>\n<em>L\u2019A.S.B.L. n\u2019est pas soumise \u00e0 la TVA selon l\u2019article 44\u00a72 du code de la TVA<\/em><\/p>\n<p>GSM : +32 496 55 65 14<\/p>\n<div class=\"fusion-column content-box-column content-box-column content-box-column-4 col-lg-3 col-md-3 col-sm-3 fusion-content-box-hover content-box-column-last col-xs-3\">\n<div class=\"col content-wrapper link-area-box icon-hover-animation-slide link-area-box-hover\" data-animationoffset=\"100%\">\n<div class=\"heading heading-with-icon icon-left\"><\/div>\n<div class=\"content-container\">\n<p><a href=\"mailto:info@fce-vvb.be\">info@fce-vvb.be<\/a><\/p>\n<p>Pr\u00e9sidente nationale : <a href=\"mailto:murielle.eyletters@fce-vvb.be\">beatrice.delfindiaz@fce-vvb.be<\/a><\/p>\n<\/div>\n<\/div>\n<\/div>\n<\/div><div class=\"fusion-sep-clear\"><\/div><div class=\"fusion-separator\" style=\"margin-left: auto;margin-right: auto;margin-top:25px;margin-bottom:25px;width:100%;max-width:50%;\"><div class=\"fusion-separator-border sep-single sep-solid\" style=\"--awb-height:20px;--awb-amount:20px;--awb-sep-color:#607d8b;border-color:#607d8b;border-top-width:1px;\"><\/div><\/div><div class=\"fusion-sep-clear\"><\/div><div class=\"fusion-text fusion-text-3\"><h2 style=\"text-align: center;\">R\u00e8glement g\u00e9n\u00e9ral sur la protection des donn\u00e9es<\/h2>\n<\/div><div class=\"fusion-text fusion-text-4\"><h4><strong>Pourquoi<\/strong> l'asbl FCE utilise des donn\u00e9es \u00e0 caract\u00e8re personnel (finalit\u00e9s) ?<\/h4>\n<p>Vos donn\u00e9es \u00e0 caract\u00e8res personnels seront utilis\u00e9es dans le cadre de l'association afin de:<\/p>\n<ul>\n<li>G\u00e9rer l'interaction entre vous et l'asbl FCE et\/ou les autres membres de l'association;<\/li>\n<li>\u00c9tablir les documents l\u00e9gaux, fiscaux ou contractuels ;<\/li>\n<li>Vous inscrire aux services internes et\/ou externes auxquels vous avez souscrit.<\/li>\n<\/ul>\n<h4>Cat\u00e9gories de donn\u00e9es \u00e0 caract\u00e8re personnel concern\u00e9es :<\/h4>\n<ul>\n<li>Informations de contact (noms, adresse, t\u00e9l\u00e9phone, courriel...).<\/li>\n<li>Informations de facturation.<\/li>\n<li>Informations n\u00e9cessaires \u00e0 la fourniture des services auxquels vous avez souscrit.<\/li>\n<li>Informations d'authentification<\/li>\n<li>Informations de paiement.<\/li>\n<\/ul>\n<h4>R<strong>aison juridique<\/strong> du traitement de vos donn\u00e9es;<\/h4>\n<ul>\n<li>Votre adh\u00e9sion \u00e0 l'asbl FCE.<\/li>\n<\/ul>\n<h4>D<strong>ur\u00e9e<\/strong> pendant laquelle vos donn\u00e9es seront conserv\u00e9es:<\/h4>\n<ul>\n<li>Durant la p\u00e9riode pour laquelle vous serez membre de l'asbl FCE \u00e9tendue \u00e0 l'ann\u00e9e fiscale suivante.<\/li>\n<li>Pour les listes de distribution par courriels : jusqu'\u00e0 demande de retrait de votre part.<\/li>\n<\/ul>\n<h4>A<strong>utres destinataires<\/strong> \u00e9ventuels des donn\u00e9es:<\/h4>\n<ul>\n<li>Les fournisseurs des services ext\u00e9rieurs \u00e0 l'asbl FCE pour les service auxquels vous avez souscrit recevront les informations n\u00e9cessaires en vue de la mise en \u0153uvre du service souscrit.<\/li>\n<\/ul>\n<h4>le <strong>transfert<\/strong> \u00e9ventuel de leurs donn\u00e9es \u00e0 caract\u00e8re personnel \u00e0 un destinataire \u00e9tabli en dehors de l\u2019UE:<\/h4>\n<ul>\n<li>L'asbl FCE ne transf\u00e8re pas vos informations \u00e0 caract\u00e8re personnel en dehors de l'UE.<\/li>\n<\/ul>\n<h4>En tant que personne physique, vous avez le droit de <strong>copier vos donn\u00e9es<\/strong> (droit d\u2019acc\u00e8s aux donn\u00e9es \u00e0 caract\u00e8re personnel). Vous disposez \u00e9galement d\u2019autres <strong>droits fondamentaux<\/strong> dans le domaine de la protection des donn\u00e9es.<\/h4>\n<h4>Vous avez le <strong>droit d\u2019introduire une r\u00e9clamation<\/strong> aupr\u00e8s d\u2019une autorit\u00e9 de protection des donn\u00e9es (APD);<\/h4>\n<h4>Vous avez le <strong>droit de retirer votre consentement<\/strong> \u00e0 tout moment;<\/h4>\n<p>le cas \u00e9ch\u00e9ant, l\u2019existence d\u2019une <strong>prise de d\u00e9cision automatis\u00e9e<\/strong> et la logique sous-jacente, y compris les cons\u00e9quences de ce traitement.<\/p>\n<\/div><div class=\"fusion-sep-clear\"><\/div><div class=\"fusion-separator\" style=\"margin-left: auto;margin-right: auto;margin-top:25px;margin-bottom:25px;width:100%;max-width:50%;\"><div class=\"fusion-separator-border sep-single sep-solid\" style=\"--awb-height:20px;--awb-amount:20px;--awb-sep-color:#607d8b;border-color:#607d8b;border-top-width:1px;\"><\/div><\/div><div class=\"fusion-sep-clear\"><\/div><div class=\"fusion-text fusion-text-5\"><h2 style=\"text-align: center;\">Vos droits<\/h2>\n<\/div><div class=\"fusion-text fusion-text-6\"><p>Vous avez le droit:<\/p>\n<ul>\n<li>de <strong>recevoir des informations<\/strong> sur le traitement de vos donn\u00e9es \u00e0 caract\u00e8re personnel,<\/li>\n<li>d\u2019<strong>obtenir l\u2019acc\u00e8s <\/strong>aux donn\u00e9es \u00e0 caract\u00e8re personnel d\u00e9tenues \u00e0 votre sujet,<\/li>\n<li>de demander que les donn\u00e9es \u00e0 caract\u00e8re personnel incorrectes, inexactes ou incompl\u00e8tes soient <strong>corrig\u00e9es<\/strong>,<\/li>\n<li>de demander que les <strong>donn\u00e9es \u00e0 caract\u00e8re personnel soient effac\u00e9es<\/strong> lorsqu\u2019elles ne sont plus n\u00e9cessaires ou si leur traitement est illicite,<\/li>\n<li>de vous<strong> opposer<\/strong> au traitement de vos donn\u00e9es \u00e0 caract\u00e8re personnel \u00e0 des fins de prospection ou pour des raisons li\u00e9es \u00e0 votre situation particuli\u00e8re,<\/li>\n<li>de demander la <strong>limitation <\/strong>du traitement de vos donn\u00e9es \u00e0 caract\u00e8re personnel dans des cas pr\u00e9cis,<\/li>\n<li>de recevoir vos donn\u00e9es \u00e0 caract\u00e8re personnel dans un format lisible par machine et de les envoyer \u00e0 un autre responsable du traitement (\u00ab<strong>portabilit\u00e9 des donn\u00e9es<\/strong>\u00bb),<\/li>\n<li>de demander que les d\u00e9cisions fond\u00e9es sur un <strong>traitement automatis\u00e9<\/strong> qui vous concernent ou vous affectent de mani\u00e8re significative et fond\u00e9es sur vos donn\u00e9es \u00e0 caract\u00e8re personnel soient prises par des personnes physiques et non uniquement par des ordinateurs. Dans ce cas, vous avez \u00e9galement le droit d\u2019exprimer votre avis et de contester lesdites d\u00e9cisions.<\/li>\n<\/ul>\n<p>Pour exercer vos droits, vous devez contacter l\u2019entreprise ou l\u2019organisation qui traite vos donn\u00e9es \u00e0 caract\u00e8re personnel (appel\u00e9e\u00a0 aussi \u00a0le \u00abresponsable du traitement\u00bb). Si l\u2019entreprise \/organisation dispose d\u2019un d\u00e9l\u00e9gu\u00e9 \u00e0 la protection des donn\u00e9es (DPD), vous pouvez lui adresser votre demande. L\u2019entreprise \/organisation doit r\u00e9pondre \u00e0 votre demande dans les meilleurs d\u00e9lais et <strong>au plus tard dans un d\u00e9lai d\u2019un mois. <\/strong>Si l'entreprise \/organisation n\u2019a pas l\u2019intention de donner suite \u00e0 votre demande, elle doit en indiquer le motif. Vous devrez sans doute fournir des informations pour confirmer votre identit\u00e9 (par exemple, en cliquant sur un lien de v\u00e9rification et en saisissant un nom d\u2019utilisateur ou un mot de passe) afin d\u2019exercer vos droits.<\/p>\n<p>Ces droits s\u2019appliquent <strong>dans l\u2019ensemble de l\u2019UE<\/strong>, ind\u00e9pendamment de l\u2019endroit o\u00f9 les donn\u00e9es sont trait\u00e9es et de l\u2019endroit o\u00f9 l\u2019entreprise\/organisation est \u00e9tablie. Ces droits s\u2019appliquent \u00e9galement lorsque vous achetez des biens et des services aupr\u00e8s d\u2019entreprises qui ne sont pas \u00e9tablies dans l\u2019UE mais qui y op\u00e8rent.<\/p>\n<\/div><div class=\"fusion-sep-clear\"><\/div><div class=\"fusion-separator\" style=\"margin-left: auto;margin-right: auto;margin-top:25px;margin-bottom:25px;width:100%;max-width:50%;\"><div class=\"fusion-separator-border sep-single sep-solid\" style=\"--awb-height:20px;--awb-amount:20px;--awb-sep-color:#607d8b;border-color:#607d8b;border-top-width:1px;\"><\/div><\/div><div class=\"fusion-sep-clear\"><\/div><div class=\"fusion-button-wrapper\"><a class=\"fusion-button button-flat fusion-button-default-size button-default fusion-button-default button-1 fusion-button-default-span fusion-button-default-type\" target=\"_self\" href=\"http:\/\/eur-lex.europa.eu\/legal-content\/FR\/TXT\/?uri=CELEX:32016R0679#d1e2300-1-1\"><span class=\"fusion-button-text awb-button__text awb-button__text--default\">Information RGPD sur le site ex.europe.eu<\/span><\/a><\/div><div class=\"fusion-clearfix\"><\/div><\/div><\/div><div class=\"fusion-layout-column fusion_builder_column fusion-builder-column-2 fusion_builder_column_1_5 1_5 fusion-one-fifth fusion-column-last\" style=\"--awb-bg-size:cover;width:20%;width:calc(20% - ( ( 4% + 4% ) * 0.2 ) );\"><div class=\"fusion-column-wrapper fusion-column-has-shadow fusion-flex-column-wrapper-legacy\"><div class=\"fusion-clearfix\"><\/div><\/div><\/div><\/div><\/div>\n","protected":false},"excerpt":{"rendered":"","protected":false},"author":1,"featured_media":0,"parent":0,"menu_order":0,"comment_status":"closed","ping_status":"closed","template":"","meta":{"footnotes":""},"class_list":["post-185","page","type-page","status-publish","hentry"],"_links":{"self":[{"href":"https:\/\/fce-vvb.be\/index.php\/wp-json\/wp\/v2\/pages\/185","targetHints":{"allow":["GET"]}}],"collection":[{"href":"https:\/\/fce-vvb.be\/index.php\/wp-json\/wp\/v2\/pages"}],"about":[{"href":"https:\/\/fce-vvb.be\/index.php\/wp-json\/wp\/v2\/types\/page"}],"author":[{"embeddable":true,"href":"https:\/\/fce-vvb.be\/index.php\/wp-json\/wp\/v2\/users\/1"}],"replies":[{"embeddable":true,"href":"https:\/\/fce-vvb.be\/index.php\/wp-json\/wp\/v2\/comments?post=185"}],"version-history":[{"count":7,"href":"https:\/\/fce-vvb.be\/index.php\/wp-json\/wp\/v2\/pages\/185\/revisions"}],"predecessor-version":[{"id":1856,"href":"https:\/\/fce-vvb.be\/index.php\/wp-json\/wp\/v2\/pages\/185\/revisions\/1856"}],"wp:attachment":[{"href":"https:\/\/fce-vvb.be\/index.php\/wp-json\/wp\/v2\/media?parent=185"}],"curies":[{"name":"wp","href":"https:\/\/api.w.org\/{rel}","templated":true}]}}