{"id":199,"date":"2020-09-04T11:12:20","date_gmt":"2020-09-04T09:12:20","guid":{"rendered":"http:\/\/vlzimdz.cluster023.hosting.ovh.net\/?page_id=199"},"modified":"2021-04-18T13:40:23","modified_gmt":"2021-04-18T11:40:23","slug":"declaration-cookie","status":"publish","type":"page","link":"https:\/\/fce-vvb.be\/index.php\/declaration-cookie\/","title":{"rendered":"D\u00e9claration-Cookie"},"content":{"rendered":"<div class=\"fusion-fullwidth fullwidth-box fusion-builder-row-1 nonhundred-percent-fullwidth non-hundred-percent-height-scrolling\" style=\"--awb-border-radius-top-left:0px;--awb-border-radius-top-right:0px;--awb-border-radius-bottom-right:0px;--awb-border-radius-bottom-left:0px;--awb-flex-wrap:wrap;\" ><div class=\"fusion-builder-row fusion-row\"><div class=\"fusion-layout-column fusion_builder_column fusion-builder-column-0 fusion_builder_column_1_5 1_5 fusion-one-fifth fusion-column-first\" style=\"--awb-bg-size:cover;width:20%;width:calc(20% - ( ( 4% + 4% ) * 0.2 ) );margin-right: 4%;\"><div class=\"fusion-column-wrapper fusion-column-has-shadow fusion-flex-column-wrapper-legacy\"><div class=\"fusion-clearfix\"><\/div><\/div><\/div><div class=\"fusion-layout-column fusion_builder_column fusion-builder-column-1 fusion_builder_column_3_5 3_5 fusion-three-fifth\" style=\"--awb-bg-size:cover;width:60%;width:calc(60% - ( ( 4% + 4% ) * 0.6 ) );margin-right: 4%;\"><div class=\"fusion-column-wrapper fusion-column-has-shadow fusion-flex-column-wrapper-legacy\"><div class=\"fusion-text fusion-text-1\"><h3 style=\"text-align: center;\">Qu'est-ce qu'un cookie?<\/h3>\n<\/div><div class=\"fusion-text fusion-text-2\"><p>Les t\u00e9moins de connexion \u00e0 notre site (cookies) sont de petits fichiers contenant du texte que nous\u00a0 pla\u00e7ons sur votre ordinateur. Ils nous permettent d'identifier l'appareil que vous utilisez, sans \u00eatre capables de vous identifier personnellement. Chacun de vos mouvements sur notre site est renvoy\u00e9 \u00e0 nos syst\u00e8mes.<br \/>\nGr\u00e2ce \u00e0 ces cookies vos pr\u00e9f\u00e9rences de navigations sur notre site sont m\u00e9moris\u00e9e afin de rendre votre consultation plus ais\u00e9e et d\u2019am\u00e9liorer votre exp\u00e9rience en tant qu\u2019utilisateur.<\/p>\n<p>Les cookies sont propres au navigateur que vous utiliser (Mozilla Firefox, Google Chrome, etc...). Ils sont donc configur\u00e9s de fa\u00e7on ind\u00e9pendante pour chaque navigateur et sur chacun des supports que vous utilisez pour surfer (Ordinateur de bureau, ordinateur personnel, smartphone, tablette, ...).<\/p>\n<p>Il en existe de deux cat\u00e9gories cookies :<\/p>\n<ul>\n<li>Les cookies techniques ou 'functional cookies' qui r\u00e9gissent la partie technique du site: ils retiennent par exemple le choix de la langue ou les champs remplis dans un formulaire et vous \u00e9vitent de devoir s\u00e9lectionner ou remplir \u00e0 nouveau tous ces param\u00e8tres aux visites suivantes.<\/li>\n<li>Les 'tracking cookies' qui m\u00e9morisent votre comportement sur le site et qui nous permettent de l'analyser. Ils peuvent donc nous indiquer les probl\u00e8mes que nos surfeurs dans leur globalit\u00e9 rencontrent. L'utilit\u00e9 principale de cette fonctionnalit\u00e9 est de r\u00e9soudre les \u00e9ventuels probl\u00e8mes techniques ou le manque de clart\u00e9 dans notre syst\u00e8me de r\u00e9servation sans que vous ayez \u00e0 nous en informer. Notez bien que ces informations nous sont communiqu\u00e9es dans leur globalit\u00e9 et que vous n'\u00eates pas personnellement traqu\u00e9 et analys\u00e9.<\/li>\n<\/ul>\n<\/div><div class=\"fusion-text fusion-text-3\"><h3 style=\"text-align: center;\">Votre consentement<\/h3>\n<\/div><div class=\"fusion-text fusion-text-4\"><p>En visitant notre site, vous acceptez l\u2019utilisation de cookies. L\u2019acceptation de certains cookies est indispensable pour une visite optimale de notre site.<\/p>\n<p>A tout instants, votre navigateur vous permet de <strong><em>visualiser et \/ ou d'effacer<\/em> <\/strong>les cookies pr\u00e9sents sur votre appareils.<\/p>\n<p>Vous pouvez <strong><em>bloquer les cookies<\/em><\/strong> en activant le param\u00e8tre du navigateur qui permet le stockage de cookies. Toutefois, si vous utilisez les param\u00e8tres de votre navigateur pour bloquer ces cookies, vous ne pourrez probablement pas acc\u00e9der \u00e0 (certaines parties de) notre site internet.<\/p>\n<\/div><div class=\"fusion-clearfix\"><\/div><\/div><\/div><div class=\"fusion-layout-column fusion_builder_column fusion-builder-column-2 fusion_builder_column_1_5 1_5 fusion-one-fifth fusion-column-last\" style=\"--awb-bg-size:cover;width:20%;width:calc(20% - ( ( 4% + 4% ) * 0.2 ) );\"><div class=\"fusion-column-wrapper fusion-column-has-shadow fusion-flex-column-wrapper-legacy\"><div class=\"fusion-clearfix\"><\/div><\/div><\/div><\/div><\/div>\n","protected":false},"excerpt":{"rendered":"","protected":false},"author":1,"featured_media":0,"parent":0,"menu_order":0,"comment_status":"closed","ping_status":"closed","template":"","meta":{"footnotes":""},"class_list":["post-199","page","type-page","status-publish","hentry"],"_links":{"self":[{"href":"https:\/\/fce-vvb.be\/index.php\/wp-json\/wp\/v2\/pages\/199","targetHints":{"allow":["GET"]}}],"collection":[{"href":"https:\/\/fce-vvb.be\/index.php\/wp-json\/wp\/v2\/pages"}],"about":[{"href":"https:\/\/fce-vvb.be\/index.php\/wp-json\/wp\/v2\/types\/page"}],"author":[{"embeddable":true,"href":"https:\/\/fce-vvb.be\/index.php\/wp-json\/wp\/v2\/users\/1"}],"replies":[{"embeddable":true,"href":"https:\/\/fce-vvb.be\/index.php\/wp-json\/wp\/v2\/comments?post=199"}],"version-history":[{"count":4,"href":"https:\/\/fce-vvb.be\/index.php\/wp-json\/wp\/v2\/pages\/199\/revisions"}],"predecessor-version":[{"id":748,"href":"https:\/\/fce-vvb.be\/index.php\/wp-json\/wp\/v2\/pages\/199\/revisions\/748"}],"wp:attachment":[{"href":"https:\/\/fce-vvb.be\/index.php\/wp-json\/wp\/v2\/media?parent=199"}],"curies":[{"name":"wp","href":"https:\/\/api.w.org\/{rel}","templated":true}]}}