{"id":2447,"date":"2022-06-26T12:47:00","date_gmt":"2022-06-26T10:47:00","guid":{"rendered":"https:\/\/fce-vvb.be\/?page_id=2447"},"modified":"2025-07-06T19:29:33","modified_gmt":"2025-07-06T17:29:33","slug":"shexport-gallerie-fr","status":"publish","type":"page","link":"https:\/\/fce-vvb.be\/index.php\/shexport-gallerie-fr\/","title":{"rendered":"shexport-gallerie-fr"},"content":{"rendered":"<p><div class=\"fusion-fullwidth fullwidth-box fusion-builder-row-1 fusion-flex-container nonhundred-percent-fullwidth non-hundred-percent-height-scrolling\" style=\"--awb-border-radius-top-left:0px;--awb-border-radius-top-right:0px;--awb-border-radius-bottom-right:0px;--awb-border-radius-bottom-left:0px;--awb-flex-wrap:wrap;\" ><div class=\"fusion-builder-row fusion-row fusion-flex-align-items-flex-start fusion-flex-content-wrap\" style=\"max-width:1216.8px;margin-left: calc(-4% \/ 2 );margin-right: calc(-4% \/ 2 );\"><div class=\"fusion-layout-column fusion_builder_column fusion-builder-column-0 fusion_builder_column_1_1 1_1 fusion-flex-column fusion-column-inner-bg-wrapper\" style=\"--awb-inner-bg-size:cover;--awb-width-large:100%;--awb-margin-top-large:0px;--awb-spacing-right-large:1.92%;--awb-margin-bottom-large:20px;--awb-spacing-left-large:1.92%;--awb-width-medium:100%;--awb-order-medium:0;--awb-spacing-right-medium:1.92%;--awb-spacing-left-medium:1.92%;--awb-width-small:100%;--awb-order-small:0;--awb-spacing-right-small:1.92%;--awb-spacing-left-small:1.92%;\"><span class=\"fusion-column-inner-bg hover-type-none\"><a class=\"fusion-column-anchor\" href=\"https:\/\/www.youtube.com\/watch?v=LmkL1xeGm-k&#038;t=2s\" aria-label=\"Visualisez la vid\u00e9o de cette soir\u00e9e networking \"><span class=\"fusion-column-inner-bg-image\"><\/span><\/a><\/span><div class=\"fusion-column-wrapper fusion-column-has-shadow fusion-flex-justify-content-flex-start fusion-content-layout-column\"><div class=\"fusion-text fusion-text-1\"><p><b>FCE-VVB Belgium and CNFCE - Belgo-Tunisian <\/b><span style=\"background-color: rgba(0, 0, 0, 0);\"><b>project (February to May 2025)<\/b><\/span><\/p>\n<p><span style=\"background-color: rgba(0, 0, 0, 0);\">This project is a concrete action from the MoU signed between <b>Leila <\/b><\/span><span style=\"background-color: rgba(0, 0, 0, 0);\"><b>Belkhiria <\/b><\/span><b style=\"background-color: rgba(0, 0, 0, 0);\">Jaber<\/b><span style=\"background-color: rgba(0, 0, 0, 0);\">, President of CNFCE and <\/span><b style=\"background-color: rgba(0, 0, 0, 0);\">B\u00e9atrice Delfin Diaz,<\/b><span style=\"background-color: rgba(0, 0, 0, 0);\"> President of FCE-VVB Belgium, the Tunisian and Belgian Associations of FCEM network.<\/span><\/p>\n<p><span style=\"background-color: rgba(0, 0, 0, 0);\"><br \/>Within the framework of this export partnership project, three members of FCE-VVB Belgium went on a mission to train female entrepreneurs at the Tunisian Union of Industry, Commerce and Handicrafts (Utica) in Sfax, Sousse and Tunis.<\/span><\/p>\n<p>About 200 female entrepreneurs were trained on different topics like; export strategy and communication given by <b>B\u00e9atrice Delfin Diaz<\/b>, import and export with customs and VAT by <b>Katia Delfin Diaz<\/b>, intellectual properties management and commercial contracts given by, <b>Julie Lodomez.<\/b><\/p>\n<p>Besides the training provided by our members, two experts - who approached us for the creation and follow-up of the enriching project - gave trainings about bilateral partnerships and international projects.<\/p>\n<p>The opportunity to meet Leila Belkhiria Jaber, the president of the National Council of Women Entrepreneurs and the WBI Delegate based in Tunis <b>Rajae Essefiani<\/b>.<\/p>\n<p>This project could not have happened without the financial support of <b>Wallonie Bruxelles Internationa<\/b>l, without the precious support of <b><i>Pierre Francotte<\/i><\/b> and collaboration of the Tunisian partners and involvment of the two national presidents.<\/p>\n<p>We are very thankful to all the partners involved in this project and the members of CNFCE.<\/p>\n<p>This was a concrete project, rooted in the realities of the field, which opens up exciting prospects for collaboration.<\/p>\n<p>This is a<b> best practice<\/b> of cross-borders associations of the <b>FCEM Network.<\/b><\/p>\n<p>In order to have an idea about this project, please take a look at the video that perfectly summarizes this beautiful synergies between two FCEM associations.<\/p>\n<p>Contact : B\u00e9atrice Delfin Diaz  bdd@fce-vvb.be <\/p><\/p>\n<\/div><div class=\"fusion-video fusion-youtube\" style=\"--awb-max-width:600px;--awb-max-height:360px;--awb-align-self:center;--awb-width:100%;\"><div class=\"video-shortcode\"><div class=\"fluid-width-video-wrapper\" style=\"padding-top:60%;\" ><iframe title=\"YouTube video player 1\" src=\"https:\/\/www.youtube.com\/embed\/fUYSnFnZEsQ?wmode=transparent&autoplay=0\" width=\"600\" height=\"360\" allowfullscreen allow=\"autoplay; clipboard-write; encrypted-media; gyroscope; picture-in-picture;\"><\/iframe><\/div><\/div><\/div><\/div><\/div><div class=\"fusion-layout-column fusion_builder_column fusion-builder-column-1 fusion_builder_column_1_1 1_1 fusion-flex-column\" style=\"--awb-bg-size:cover;--awb-width-large:100%;--awb-margin-top-large:0px;--awb-spacing-right-large:1.92%;--awb-margin-bottom-large:20px;--awb-spacing-left-large:1.92%;--awb-width-medium:100%;--awb-order-medium:0;--awb-spacing-right-medium:1.92%;--awb-spacing-left-medium:1.92%;--awb-width-small:100%;--awb-order-small:0;--awb-spacing-right-small:1.92%;--awb-spacing-left-small:1.92%;\"><div class=\"fusion-column-wrapper fusion-column-has-shadow fusion-flex-justify-content-flex-start fusion-content-layout-column\"><div class=\"fusion-text fusion-text-2\"><p><b><br \/><\/b><\/p>\n<p><b>Ev\u00e9nement de networking au Luxembourg - 10 mars 2022<\/b><\/p>\n<p>A la rencontre des femmes chefs d'entreprises luxembourgeoises. <\/p>\n<p>Un<span style=\"background-color: rgba(255, 255, 255, 0); color: var(--body_typography-color); font-family: var(--body_typography-font-family); font-size: var(--body_typography-font-size); font-style: var(--body_typography-font-style,normal); font-weight: var(--body_typography-font-weight); letter-spacing: var(--body_typography-letter-spacing);\">e soixantaine de femmes chefs d'entreprises belges et luxembourgeoises se sont donn\u00e9 rendez-vous pour une soir\u00e9e de networking exceptionnelle au Luxembourg. Echange de cartes de visite, visibilit\u00e9, d\u00e9tection d'opportunit\u00e9s, renforcement des liens transfrontaliers, ...<\/span><\/p>\n<p>Mot de bienvenue et pr\u00e9sentation du projet ShE-Xport par <b>B\u00e9atrice Delfin-Diaz<\/b>, pr\u00e9sidente nationale FCE-VVB Belgium. Interventions de <b>Aur\u00e9lia FELTZ <\/b>, pr\u00e9sidente FFCEL Luxembourg qui a ax\u00e9 son discours sur l'importance des synergies entre nos f\u00e9d\u00e9rations et de <b>Marie Christine OGHLY<\/b> , pr\u00e9sidente FCE Mondiale, qui a rappel\u00e9 les fondements de cette association cr\u00e9\u00e9e en 1945 en France qui sont l'entraide, la sororit\u00e9 et opportunit\u00e9s businness. Elle a rehauss\u00e9 la soir\u00e9e par sa pr\u00e9sence.<\/p>\n<p>Ce projet est soutenu par hub.brussels dans le cadre de son plan de relance \u00e9conomique \u00e0 l'international. <\/p>\n<p>Cette soir\u00e9e de networking transfrontalier f\u00fbt un r\u00e9el  succ\u00e8s ! <\/p>\n<p>Visualisez le reportage vid\u00e9o de cette soir\u00e9e.<\/p>\n<\/div><\/div><\/div><\/div><\/div><div class=\"fusion-fullwidth fullwidth-box fusion-builder-row-2 fusion-flex-container nonhundred-percent-fullwidth non-hundred-percent-height-scrolling\" style=\"--awb-border-radius-top-left:0px;--awb-border-radius-top-right:0px;--awb-border-radius-bottom-right:0px;--awb-border-radius-bottom-left:0px;--awb-flex-wrap:wrap;\" ><div class=\"fusion-builder-row fusion-row fusion-flex-align-items-flex-start fusion-flex-content-wrap\" style=\"max-width:1216.8px;margin-left: calc(-4% \/ 2 );margin-right: calc(-4% \/ 2 );\"><div class=\"fusion-layout-column fusion_builder_column fusion-builder-column-2 fusion_builder_column_1_1 1_1 fusion-flex-column fusion-column-inner-bg-wrapper\" style=\"--awb-inner-bg-size:cover;--awb-width-large:100%;--awb-margin-top-large:0px;--awb-spacing-right-large:1.92%;--awb-margin-bottom-large:20px;--awb-spacing-left-large:1.92%;--awb-width-medium:100%;--awb-order-medium:0;--awb-spacing-right-medium:1.92%;--awb-spacing-left-medium:1.92%;--awb-width-small:100%;--awb-order-small:0;--awb-spacing-right-small:1.92%;--awb-spacing-left-small:1.92%;\"><span class=\"fusion-column-inner-bg hover-type-none\"><a class=\"fusion-column-anchor\" href=\"https:\/\/www.youtube.com\/watch?v=LmkL1xeGm-k&#038;t=2s\" aria-label=\"Visualisez la vid\u00e9o de cette soir\u00e9e networking \"><span class=\"fusion-column-inner-bg-image\"><\/span><\/a><\/span><div class=\"fusion-column-wrapper fusion-column-has-shadow fusion-flex-justify-content-flex-start fusion-content-layout-column\"><div class=\"fusion-text fusion-text-3\"><p><b>Ev\u00e9nement de networking ShEXport \u00e0 Paris - 14.10.2022<\/b><\/p>\n<p><span style=\"background-color: rgba(255, 255, 255, 0); color: var(--body_typography-color); font-family: var(--body_typography-font-family); font-size: var(--body_typography-font-size); font-style: var(--body_typography-font-style,normal); font-weight: var(--body_typography-font-weight); letter-spacing: var(--body_typography-letter-spacing);\">Retour sur notre \u00e9v\u00e9nement de networking <\/span><span style=\"background-color: rgba(255, 255, 255, 0); color: var(--body_typography-color); font-family: var(--body_typography-font-family); font-size: var(--body_typography-font-size); letter-spacing: var(--body_typography-letter-spacing);\"><b style=\"\"><i>ShEXport<\/i><\/b><\/span><span style=\"background-color: rgba(255, 255, 255, 0); color: var(--body_typography-color); font-family: var(--body_typography-font-family); font-size: var(--body_typography-font-size); font-style: var(--body_typography-font-style,normal); font-weight: var(--body_typography-font-weight); letter-spacing: var(--body_typography-letter-spacing);\"> qui s'est tenu \u00e0 Paris le vendredi 14 octobre 2022 dernier.<\/span><b><br \/><\/b><\/p>\n<p><img decoding=\"async\" draggable=\"false\" role=\"img\" class=\"emoji\" alt=\"\ud83e\udd1d\" src=\"https:\/\/s.w.org\/images\/core\/emoji\/14.0.0\/svg\/1f91d.svg\"> <b>Business dating<\/b> avec nos membres <b>FCE D\u00e9l\u00e9gation de Paris<\/b> dans un lieu tr\u00e8s agr\u00e9able. Nous avons cr\u00e9\u00e9 de nouvelles connexions et \u00e9galement renforc\u00e9 nos relations avec nos consoeurs FCE fran\u00e7ais et les<b> <\/b>membres de la CCI. Nous avons \u00e9galement fait briller Bruxelles \u00e0 l'\u00e9tranger et nous en sommes fi\u00e8res. Merci \u00e0 hub.brussels pour le soutien de notre projet <b><i>ShE-Xport<\/i><\/b> <img decoding=\"async\" draggable=\"false\" role=\"img\" class=\"emoji\" alt=\"\u2728\" src=\"https:\/\/s.w.org\/images\/core\/emoji\/14.0.0\/svg\/2728.svg\">.<\/p>\n<p>Des opportunit\u00e9s et des collaborations ont \u00e9t\u00e9 d\u00e9tect\u00e9es entre les membres, gr\u00e2ce \u00e0 leur int\u00e9r\u00eat et dynamisme. Quel \u00e9v\u00e9nement de networking fructueux c'\u00e9tait ! <span style=\"background-color: rgba(255, 255, 255, 0); color: var(--body_typography-color); font-family: var(--body_typography-font-family); font-size: var(--body_typography-font-size); font-style: var(--body_typography-font-style,normal); font-weight: var(--body_typography-font-weight); letter-spacing: var(--body_typography-letter-spacing);\">Merci \u00e0 toutes pour votre pr\u00e9sence et votre dynamisme. Un grand merci \u00e0 notre pr\u00e9sidente <\/span><b style=\"background-color: rgba(255, 255, 255, 0); color: var(--body_typography-color); font-family: var(--body_typography-font-family); font-size: var(--body_typography-font-size); font-style: var(--body_typography-font-style,normal); letter-spacing: var(--body_typography-letter-spacing);\">B\u00e9atrice Delfin-Diaz<\/b><span style=\"background-color: rgba(255, 255, 255, 0); color: var(--body_typography-color); font-family: var(--body_typography-font-family); font-size: var(--body_typography-font-size); font-style: var(--body_typography-font-style,normal); font-weight: var(--body_typography-font-weight); letter-spacing: var(--body_typography-letter-spacing);\"> et<\/span><b style=\"background-color: rgba(255, 255, 255, 0); color: var(--body_typography-color); font-family: var(--body_typography-font-family); font-size: var(--body_typography-font-size); font-style: var(--body_typography-font-style,normal); letter-spacing: var(--body_typography-letter-spacing);\"> Nadia AYADI <\/b><span style=\"background-color: rgba(255, 255, 255, 0); color: var(--body_typography-color); font-family: var(--body_typography-font-family); font-size: var(--body_typography-font-size); font-style: var(--body_typography-font-style,normal); font-weight: var(--body_typography-font-weight); letter-spacing: var(--body_typography-letter-spacing);\">Pr\u00e9sidente FCE R\u00e9gion IDF pour cette belle collobaration et la bonne organisation. <\/span><\/p>\n<p>Merci \u00e0 nos membres du bureau qui \u00e9taient pr\u00e9sents <i>Katia Delfin Diaz Sophie Vanderputten Ulrike Glos et Aur\u00e9lia FELTZ,<\/i> pr\u00e9sidente de la f\u00e9d\u00e9ration FFCEL Luxembourg. Gardons cette belle dynamique dans laquelle le business est directement li\u00e9 \u00e0 la #sororit\u00e9.<\/p><\/p>\n<\/div><div class=\"fusion-video fusion-youtube\" style=\"--awb-max-width:600px;--awb-max-height:360px;--awb-align-self:center;--awb-width:100%;\"><div class=\"video-shortcode\"><div class=\"fluid-width-video-wrapper\" style=\"padding-top:60%;\" ><iframe title=\"YouTube video player 2\" src=\"https:\/\/www.youtube.com\/embed\/LmkL1xeGm-k?wmode=transparent&autoplay=0\" width=\"600\" height=\"360\" allowfullscreen allow=\"autoplay; clipboard-write; encrypted-media; gyroscope; picture-in-picture;\"><\/iframe><\/div><\/div><\/div><\/div><\/div><div class=\"fusion-layout-column fusion_builder_column fusion-builder-column-3 fusion_builder_column_1_1 1_1 fusion-flex-column\" style=\"--awb-bg-size:cover;--awb-width-large:100%;--awb-margin-top-large:0px;--awb-spacing-right-large:1.92%;--awb-margin-bottom-large:20px;--awb-spacing-left-large:1.92%;--awb-width-medium:100%;--awb-order-medium:0;--awb-spacing-right-medium:1.92%;--awb-spacing-left-medium:1.92%;--awb-width-small:100%;--awb-order-small:0;--awb-spacing-right-small:1.92%;--awb-spacing-left-small:1.92%;\"><div class=\"fusion-column-wrapper fusion-column-has-shadow fusion-flex-justify-content-flex-start fusion-content-layout-column\"><div class=\"fusion-text fusion-text-4\"><p><b><br \/><\/b><\/p>\n<p><b>Ev\u00e9nement de networking au Luxembourg - 10 mars 2022<\/b><\/p>\n<p>A la rencontre des femmes chefs d'entreprises luxembourgeoises. <\/p>\n<p>Un<span style=\"background-color: rgba(255, 255, 255, 0); color: var(--body_typography-color); font-family: var(--body_typography-font-family); font-size: var(--body_typography-font-size); font-style: var(--body_typography-font-style,normal); font-weight: var(--body_typography-font-weight); letter-spacing: var(--body_typography-letter-spacing);\">e soixantaine de femmes chefs d'entreprises belges et luxembourgeoises se sont donn\u00e9 rendez-vous pour une soir\u00e9e de networking exceptionnelle au Luxembourg. Echange de cartes de visite, visibilit\u00e9, d\u00e9tection d'opportunit\u00e9s, renforcement des liens transfrontaliers, ...<\/span><\/p>\n<p>Mot de bienvenue et pr\u00e9sentation du projet ShE-Xport par <b>B\u00e9atrice Delfin-Diaz<\/b>, pr\u00e9sidente nationale FCE-VVB Belgium. Interventions de <b>Aur\u00e9lia FELTZ <\/b>, pr\u00e9sidente FFCEL Luxembourg qui a ax\u00e9 son discours sur l'importance des synergies entre nos f\u00e9d\u00e9rations et de <b>Marie Christine OGHLY<\/b> , pr\u00e9sidente FCE Mondiale, qui a rappel\u00e9 les fondements de cette association cr\u00e9\u00e9e en 1945 en France qui sont l'entraide, la sororit\u00e9 et opportunit\u00e9s businness. Elle a rehauss\u00e9 la soir\u00e9e par sa pr\u00e9sence.<\/p>\n<p>Ce projet est soutenu par hub.brussels dans le cadre de son plan de relance \u00e9conomique \u00e0 l'international. <\/p>\n<p>Cette soir\u00e9e de networking transfrontalier f\u00fbt un r\u00e9el  succ\u00e8s ! <\/p>\n<p>Visualisez le reportage vid\u00e9o de cette soir\u00e9e.<\/p>\n<\/div><\/div><\/div><\/div><\/div><div class=\"fusion-fullwidth fullwidth-box fusion-builder-row-3 fusion-flex-container nonhundred-percent-fullwidth non-hundred-percent-height-scrolling\" style=\"--awb-border-radius-top-left:0px;--awb-border-radius-top-right:0px;--awb-border-radius-bottom-right:0px;--awb-border-radius-bottom-left:0px;--awb-flex-wrap:wrap;\" ><div class=\"fusion-builder-row fusion-row fusion-flex-align-items-flex-start fusion-flex-content-wrap\" style=\"max-width:1216.8px;margin-left: calc(-4% \/ 2 );margin-right: calc(-4% \/ 2 );\"><div class=\"fusion-layout-column fusion_builder_column fusion-builder-column-4 fusion_builder_column_1_1 1_1 fusion-flex-column fusion-flex-align-self-flex-start\" style=\"--awb-bg-size:cover;--awb-width-large:100%;--awb-margin-top-large:0px;--awb-spacing-right-large:1.92%;--awb-margin-bottom-large:20px;--awb-spacing-left-large:1.92%;--awb-width-medium:100%;--awb-order-medium:0;--awb-spacing-right-medium:1.92%;--awb-spacing-left-medium:1.92%;--awb-width-small:100%;--awb-order-small:0;--awb-spacing-right-small:1.92%;--awb-spacing-left-small:1.92%;\"><div class=\"fusion-column-wrapper fusion-column-has-shadow fusion-flex-justify-content-center fusion-content-layout-column\"><div class=\"fusion-video fusion-youtube\" style=\"--awb-max-width:600px;--awb-max-height:360px;--awb-align-self:center;--awb-width:100%;\"><div class=\"video-shortcode\"><div class=\"fluid-width-video-wrapper\" style=\"padding-top:60%;\" ><iframe title=\"YouTube video player 3\" src=\"https:\/\/www.youtube.com\/embed\/f2a5ExEP-YA?wmode=transparent&autoplay=0\" width=\"600\" height=\"360\" allowfullscreen allow=\"autoplay; clipboard-write; encrypted-media; gyroscope; picture-in-picture;\"><\/iframe><\/div><\/div><\/div><\/div><\/div><\/div><\/div><div class=\"fusion-fullwidth fullwidth-box fusion-builder-row-4 fusion-flex-container nonhundred-percent-fullwidth non-hundred-percent-height-scrolling\" style=\"--awb-border-radius-top-left:0px;--awb-border-radius-top-right:0px;--awb-border-radius-bottom-right:0px;--awb-border-radius-bottom-left:0px;--awb-flex-wrap:wrap;\" ><div class=\"fusion-builder-row fusion-row fusion-flex-align-items-flex-start fusion-flex-content-wrap\" style=\"max-width:1216.8px;margin-left: calc(-4% \/ 2 );margin-right: calc(-4% \/ 2 );\"><div class=\"fusion-layout-column fusion_builder_column fusion-builder-column-5 fusion_builder_column_1_1 1_1 fusion-flex-column\" style=\"--awb-bg-size:cover;--awb-width-large:100%;--awb-margin-top-large:0px;--awb-spacing-right-large:1.92%;--awb-margin-bottom-large:20px;--awb-spacing-left-large:1.92%;--awb-width-medium:100%;--awb-order-medium:0;--awb-spacing-right-medium:1.92%;--awb-spacing-left-medium:1.92%;--awb-width-small:100%;--awb-order-small:0;--awb-spacing-right-small:1.92%;--awb-spacing-left-small:1.92%;\"><div class=\"fusion-column-wrapper fusion-column-has-shadow fusion-flex-justify-content-flex-start fusion-content-layout-column\"><div class=\"fusion-text fusion-text-5\" style=\"--awb-margin-top:50px;\"><p><span style=\"background-color: rgba(255, 255, 255, 0); color: var(--body_typography-color); font-family: var(--body_typography-font-family); font-size: var(--body_typography-font-size); font-style: var(--body_typography-font-style,normal); letter-spacing: var(--body_typography-letter-spacing);\"><b>Ev\u00e9nement ShE-Xport France - 22.10.2021<\/b><\/span><\/p>\n<p><span style=\"background-color: rgba(255, 255, 255, 0); color: var(--body_typography-color); font-family: var(--body_typography-font-family); font-size: var(--body_typography-font-size); font-style: var(--body_typography-font-style,normal); font-weight: var(--body_typography-font-weight); letter-spacing: var(--body_typography-letter-spacing);\">Cinquante femmes entrepreneures se sont r\u00e9unies \u00e0 l\u2019occasion du 1er \u00e9v\u00e9nement de networking ShE-Xport organis\u00e9 en France le 22 octobre dernier. Ce f\u00fbt un succ\u00e8s ! Il s\u2019est tenu dans la r\u00e9gion de Yvonne Foinant, fondatrice des FCE France en 1945. Ce n\u2019est donc pas un hasard si nous nous sommes retrouv\u00e9es dans les Ardennes fran\u00e7aises et plus particuli\u00e8rement dans le Domaine Ch\u00e2teau du Faucon de <\/span><span style=\"background-color: rgba(255, 255, 255, 0); color: var(--body_typography-color); font-family: var(--body_typography-font-family); font-size: var(--body_typography-font-size); font-style: var(--body_typography-font-style,normal); letter-spacing: var(--body_typography-letter-spacing);\"><b>Martine Robin<\/b><\/span><span style=\"background-color: rgba(255, 255, 255, 0); color: var(--body_typography-color); font-family: var(--body_typography-font-family); font-size: var(--body_typography-font-size); font-style: var(--body_typography-font-style,normal); font-weight: var(--body_typography-font-weight); letter-spacing: var(--body_typography-letter-spacing);\">, qui f\u00fbt la premi\u00e8re pr\u00e9sidente des FCE Ardennes, et o\u00f9 une chambre est d\u00e9di\u00e9e \u00e0 Yvonne Foinant.<\/span><\/p>\n<p><span style=\"background-color: rgba(255, 255, 255, 0); color: var(--body_typography-color); font-family: var(--body_typography-font-family); font-size: var(--body_typography-font-size); font-style: var(--body_typography-font-style,normal); letter-spacing: var(--body_typography-letter-spacing);\"><b>B\u00e9atrice Delfin-Diaz<\/b><\/span><span style=\"background-color: rgba(255, 255, 255, 0); color: var(--body_typography-color); font-family: var(--body_typography-font-family); font-size: var(--body_typography-font-size); font-style: var(--body_typography-font-style,normal); font-weight: var(--body_typography-font-weight); letter-spacing: var(--body_typography-letter-spacing);\">, pr\u00e9sidente nationale des FCE et les membres belges ont eu l'honneur d'accueillir <\/span><span style=\"background-color: rgba(255, 255, 255, 0); color: var(--body_typography-color); font-family: var(--body_typography-font-family); font-size: var(--body_typography-font-size); font-style: var(--body_typography-font-style,normal); letter-spacing: var(--body_typography-letter-spacing);\"><b>Marie Christine Oghly<\/b><\/span><span style=\"background-color: rgba(255, 255, 255, 0); color: var(--body_typography-color); font-family: var(--body_typography-font-family); font-size: var(--body_typography-font-size); font-style: var(--body_typography-font-style,normal); font-weight: var(--body_typography-font-weight); letter-spacing: var(--body_typography-letter-spacing);\">, Pr\u00e9sidente FCEMondial, en pr\u00e9sence des pr\u00e9sidentes du Grand Est, Michelle KUNEGEL et la pr\u00e9sidente des Ardennes Emilie Bonnefoy. <\/span><span style=\"background-color: rgba(255, 255, 255, 0); color: var(--body_typography-color); font-family: var(--body_typography-font-family); font-size: var(--body_typography-font-size); font-style: var(--body_typography-font-style,normal); letter-spacing: var(--body_typography-letter-spacing);\"><b>Katia Delfin Diaz<\/b><\/span><span style=\"background-color: rgba(255, 255, 255, 0); color: var(--body_typography-color); font-family: var(--body_typography-font-family); font-size: var(--body_typography-font-size); font-style: var(--body_typography-font-style,normal); font-weight: var(--body_typography-font-weight); letter-spacing: var(--body_typography-letter-spacing);\">, Tr\u00e9sori\u00e8re et Vice-Pr\u00e9sidente Bruxelles a pr\u00e9sent\u00e9 l'\u00e9tat d'avancement du projet ShE-Xport soutenu par hub.brussels.<\/span><\/p>\n<p>Une soir\u00e9e plac\u00e9e sous le signe des relations internationales, la sorotit\u00e9 et opportunit\u00e9s.<\/p>\n<p>Visualisez le reportage vid\u00e9o.<\/p><\/p>\n<\/div><div class=\"fusion-video fusion-youtube\" style=\"--awb-max-width:600px;--awb-max-height:360px;--awb-align-self:center;--awb-width:100%;\"><div class=\"video-shortcode\"><div class=\"fluid-width-video-wrapper\" style=\"padding-top:60%;\" ><iframe title=\"YouTube video player 4\" src=\"https:\/\/www.youtube.com\/embed\/SDF7tVgcYAY?wmode=transparent&autoplay=0\" width=\"600\" height=\"360\" allowfullscreen allow=\"autoplay; clipboard-write; encrypted-media; gyroscope; picture-in-picture;\"><\/iframe><\/div><\/div><\/div><\/div><\/div><\/div><\/div><\/p>\n","protected":false},"excerpt":{"rendered":"","protected":false},"author":6,"featured_media":0,"parent":0,"menu_order":0,"comment_status":"closed","ping_status":"closed","template":"","meta":{"footnotes":""},"class_list":["post-2447","page","type-page","status-publish","hentry"],"_links":{"self":[{"href":"https:\/\/fce-vvb.be\/index.php\/wp-json\/wp\/v2\/pages\/2447","targetHints":{"allow":["GET"]}}],"collection":[{"href":"https:\/\/fce-vvb.be\/index.php\/wp-json\/wp\/v2\/pages"}],"about":[{"href":"https:\/\/fce-vvb.be\/index.php\/wp-json\/wp\/v2\/types\/page"}],"author":[{"embeddable":true,"href":"https:\/\/fce-vvb.be\/index.php\/wp-json\/wp\/v2\/users\/6"}],"replies":[{"embeddable":true,"href":"https:\/\/fce-vvb.be\/index.php\/wp-json\/wp\/v2\/comments?post=2447"}],"version-history":[{"count":18,"href":"https:\/\/fce-vvb.be\/index.php\/wp-json\/wp\/v2\/pages\/2447\/revisions"}],"predecessor-version":[{"id":3251,"href":"https:\/\/fce-vvb.be\/index.php\/wp-json\/wp\/v2\/pages\/2447\/revisions\/3251"}],"wp:attachment":[{"href":"https:\/\/fce-vvb.be\/index.php\/wp-json\/wp\/v2\/media?parent=2447"}],"curies":[{"name":"wp","href":"https:\/\/api.w.org\/{rel}","templated":true}]}}